{"id":511,"date":"2024-07-05T10:32:28","date_gmt":"2024-07-05T08:32:28","guid":{"rendered":"https:\/\/www.france1million.world\/?page_id=511"},"modified":"2024-07-05T14:55:17","modified_gmt":"2024-07-05T12:55:17","slug":"interseed-hop-app","status":"publish","type":"page","link":"https:\/\/www.france1million.world\/vi\/interseed-hop-app\/","title":{"rendered":"\u1ee8ng d\u1ee5ng HOP xen k\u1ebd"},"content":{"rendered":"<div class=\"wp-block-image\">\n<figure class=\"aligncenter size-full is-resized\"><img loading=\"lazy\" decoding=\"async\" width=\"600\" height=\"165\" src=\"https:\/\/www.france1million.world\/wp-content\/uploads\/2024\/07\/interseed-color.png\" alt=\"\" class=\"wp-image-513\" style=\"width:408px;height:auto\" srcset=\"https:\/\/www.france1million.world\/wp-content\/uploads\/2024\/07\/interseed-color.png 600w, https:\/\/www.france1million.world\/wp-content\/uploads\/2024\/07\/interseed-color-380x105.png 380w, https:\/\/www.france1million.world\/wp-content\/uploads\/2024\/07\/interseed-color-18x5.png 18w\" sizes=\"auto, (max-width: 600px) 100vw, 600px\" \/><\/figure>\n<\/div>\n\n\n<div style=\"height:40px\" aria-hidden=\"true\" class=\"wp-block-spacer\"><\/div>\n\n\n\n<p>H\u00e3y tham gia c\u00f9ng ch\u00fang t\u00f4i tr\u00ean \u1ee9ng d\u1ee5ng Nh\u00e0 c\u1ea7u nguy\u1ec7n Interseed tr\u1ef1c tuy\u1ebfn, n\u01a1i ch\u00fang t\u00f4i s\u1ebd c\u1ea7u nguy\u1ec7n v\u00e0 chia s\u1ebb suy ngh\u0129 v\u1ec1 c\u00e1c ch\u1ee7 \u0111\u1ec1 h\u01b0\u1edbng d\u1eabn c\u1ea7u nguy\u1ec7n h\u00e0ng ng\u00e0y.<\/p>\n\n\n\n<p>C\u00e1c Nh\u00e0 C\u1ea7u nguy\u1ec7n quanh Paris \u0111ang t\u1ed5 ch\u1ee9c c\u1ea7u nguy\u1ec7n 24-7 trong su\u1ed1t th\u1eddi gian di\u1ec5n ra tr\u1eadn \u0111\u1ea5u v\u00e0 s\u1ebd chia s\u1ebb th\u00eam c\u00e1c t\u1eeb, c\u00e2u th\u00e1nh th\u01b0 v\u00e0 h\u00ecnh \u1ea3nh nh\u1eadn \u0111\u01b0\u1ee3c m\u1ed7i ng\u00e0y th\u00f4ng qua \u1ee9ng d\u1ee5ng Interseed.<\/p>\n\n\n\n<p>Interseed c\u00f3 s\u1eb5n tr\u00ean n\u1ec1n t\u1ea3ng Android v\u00e0 iOS.<\/p>\n\n\n\n<div class=\"wp-block-buttons is-content-justification-center is-layout-flex wp-container-core-buttons-is-layout-a89b3969 wp-block-buttons-is-layout-flex\">\n<div class=\"wp-block-button\"><a class=\"wp-block-button__link has-text-align-center wp-element-button\" href=\"https:\/\/prod.global.interseed.io\/link\/groups?id=137\" target=\"_blank\" rel=\"noreferrer noopener\">B\u1ea5m chu\u1ed9t \u0111\u1ec3 t\u1ea3i xu\u1ed1ng<\/a><\/div>\n<\/div>","protected":false},"excerpt":{"rendered":"<p>H\u00e3y tham gia c\u00f9ng ch\u00fang t\u00f4i tr\u00ean \u1ee9ng d\u1ee5ng tr\u1ef1c tuy\u1ebfn Interseed House of Prayer, n\u01a1i ch\u00fang ta s\u1ebd c\u1ea7u nguy\u1ec7n v\u00e0 chia s\u1ebb suy ngh\u0129 v\u1ec1 c\u00e1c ch\u1ee7 \u0111\u1ec1 h\u01b0\u1edbng d\u1eabn c\u1ea7u nguy\u1ec7n h\u00e0ng ng\u00e0y....<\/p>","protected":false},"author":1,"featured_media":504,"parent":0,"menu_order":0,"comment_status":"closed","ping_status":"closed","template":"","meta":{"_acf_changed":false,"_monsterinsights_skip_tracking":false,"_monsterinsights_sitenote_active":false,"_monsterinsights_sitenote_note":"","_monsterinsights_sitenote_category":0,"pgc_sgb_lightbox_settings":"","footnotes":""},"class_list":["post-511","page","type-page","status-publish","has-post-thumbnail","hentry"],"acf":[],"_links":{"self":[{"href":"https:\/\/www.france1million.world\/vi\/wp-json\/wp\/v2\/pages\/511","targetHints":{"allow":["GET"]}}],"collection":[{"href":"https:\/\/www.france1million.world\/vi\/wp-json\/wp\/v2\/pages"}],"about":[{"href":"https:\/\/www.france1million.world\/vi\/wp-json\/wp\/v2\/types\/page"}],"author":[{"embeddable":true,"href":"https:\/\/www.france1million.world\/vi\/wp-json\/wp\/v2\/users\/1"}],"replies":[{"embeddable":true,"href":"https:\/\/www.france1million.world\/vi\/wp-json\/wp\/v2\/comments?post=511"}],"version-history":[{"count":4,"href":"https:\/\/www.france1million.world\/vi\/wp-json\/wp\/v2\/pages\/511\/revisions"}],"predecessor-version":[{"id":517,"href":"https:\/\/www.france1million.world\/vi\/wp-json\/wp\/v2\/pages\/511\/revisions\/517"}],"wp:featuredmedia":[{"embeddable":true,"href":"https:\/\/www.france1million.world\/vi\/wp-json\/wp\/v2\/media\/504"}],"wp:attachment":[{"href":"https:\/\/www.france1million.world\/vi\/wp-json\/wp\/v2\/media?parent=511"}],"curies":[{"name":"wp","href":"https:\/\/api.w.org\/{rel}","templated":true}]}}