{"id":511,"date":"2024-07-05T10:32:28","date_gmt":"2024-07-05T08:32:28","guid":{"rendered":"https:\/\/www.france1million.world\/?page_id=511"},"modified":"2024-07-05T14:55:17","modified_gmt":"2024-07-05T12:55:17","slug":"interseed-hop-app","status":"publish","type":"page","link":"https:\/\/www.france1million.world\/ro\/interseed-hop-app\/","title":{"rendered":"Aplica\u021bia Interseed HOP"},"content":{"rendered":"<div class=\"wp-block-image\">\n<figure class=\"aligncenter size-full is-resized\"><img loading=\"lazy\" decoding=\"async\" width=\"600\" height=\"165\" src=\"https:\/\/www.france1million.world\/wp-content\/uploads\/2024\/07\/interseed-color.png\" alt=\"\" class=\"wp-image-513\" style=\"width:408px;height:auto\" srcset=\"https:\/\/www.france1million.world\/wp-content\/uploads\/2024\/07\/interseed-color.png 600w, https:\/\/www.france1million.world\/wp-content\/uploads\/2024\/07\/interseed-color-380x105.png 380w, https:\/\/www.france1million.world\/wp-content\/uploads\/2024\/07\/interseed-color-18x5.png 18w\" sizes=\"auto, (max-width: 600px) 100vw, 600px\" \/><\/figure>\n<\/div>\n\n\n<div style=\"height:40px\" aria-hidden=\"true\" class=\"wp-block-spacer\"><\/div>\n\n\n\n<p>Al\u0103tura\u021bi-v\u0103 nou\u0103 \u00een aplica\u021bia online Interseed House of Prayer, unde ne vom ruga \u0219i vom \u00eemp\u0103rt\u0103\u0219i g\u00e2nduri despre temele zilnice ale ghidului de rug\u0103ciune.<\/p>\n\n\n\n<p>Casele de rug\u0103ciune din jurul Parisului organizeaz\u0103 24-7 rug\u0103ciuni \u00een timpul jocurilor \u0219i vor \u00eemp\u0103rt\u0103\u0219i cuvinte suplimentare, scripturi \u0219i imagini primite \u00een fiecare zi prin aplica\u021bia Interseed.<\/p>\n\n\n\n<p>Interseed este disponibil pe platformele Android \u0219i iOS.<\/p>\n\n\n\n<div class=\"wp-block-buttons is-content-justification-center is-layout-flex wp-container-core-buttons-is-layout-a89b3969 wp-block-buttons-is-layout-flex\">\n<div class=\"wp-block-button\"><a class=\"wp-block-button__link has-text-align-center wp-element-button\" href=\"https:\/\/prod.global.interseed.io\/link\/groups?id=137\" target=\"_blank\" rel=\"noreferrer noopener\">Face\u021bi clic pentru a desc\u0103rca<\/a><\/div>\n<\/div>","protected":false},"excerpt":{"rendered":"<p>Join us on the online Interseed House of Prayer app where we will be praying and sharing thoughts on the daily prayer guide themes. The...<\/p>","protected":false},"author":1,"featured_media":504,"parent":0,"menu_order":0,"comment_status":"closed","ping_status":"closed","template":"","meta":{"_acf_changed":false,"_monsterinsights_skip_tracking":false,"_monsterinsights_sitenote_active":false,"_monsterinsights_sitenote_note":"","_monsterinsights_sitenote_category":0,"pgc_sgb_lightbox_settings":"","footnotes":""},"class_list":["post-511","page","type-page","status-publish","has-post-thumbnail","hentry"],"acf":[],"_links":{"self":[{"href":"https:\/\/www.france1million.world\/ro\/wp-json\/wp\/v2\/pages\/511","targetHints":{"allow":["GET"]}}],"collection":[{"href":"https:\/\/www.france1million.world\/ro\/wp-json\/wp\/v2\/pages"}],"about":[{"href":"https:\/\/www.france1million.world\/ro\/wp-json\/wp\/v2\/types\/page"}],"author":[{"embeddable":true,"href":"https:\/\/www.france1million.world\/ro\/wp-json\/wp\/v2\/users\/1"}],"replies":[{"embeddable":true,"href":"https:\/\/www.france1million.world\/ro\/wp-json\/wp\/v2\/comments?post=511"}],"version-history":[{"count":4,"href":"https:\/\/www.france1million.world\/ro\/wp-json\/wp\/v2\/pages\/511\/revisions"}],"predecessor-version":[{"id":517,"href":"https:\/\/www.france1million.world\/ro\/wp-json\/wp\/v2\/pages\/511\/revisions\/517"}],"wp:featuredmedia":[{"embeddable":true,"href":"https:\/\/www.france1million.world\/ro\/wp-json\/wp\/v2\/media\/504"}],"wp:attachment":[{"href":"https:\/\/www.france1million.world\/ro\/wp-json\/wp\/v2\/media?parent=511"}],"curies":[{"name":"wp","href":"https:\/\/api.w.org\/{rel}","templated":true}]}}