{"id":607,"date":"2024-07-08T04:54:56","date_gmt":"2024-07-08T02:54:56","guid":{"rendered":"https:\/\/www.france1million.world\/?page_id=607"},"modified":"2024-07-08T04:54:58","modified_gmt":"2024-07-08T02:54:58","slug":"seven-short-lessons-from-the-life-of-eric-liddell","status":"publish","type":"page","link":"https:\/\/www.france1million.world\/pt\/seven-short-lessons-from-the-life-of-eric-liddell\/","title":{"rendered":"Sete pequenas li\u00e7\u00f5es da vida de Eric Liddell"},"content":{"rendered":"<p>A biografia de Eric Liddell \u00e9 bastante conhecida e pode ser acessada online ou impressa. Gostei de ler For the Glory: The Life of Eric Liddell, de Duncan Hamilton, do her\u00f3i ol\u00edmpico ao m\u00e1rtir moderno. Capturei algumas li\u00e7\u00f5es da vida de Eric com base em suas pr\u00f3prias cita\u00e7\u00f5es e em cita\u00e7\u00f5es diretamente relevantes para sua vida. Lembrei-me de que Eric Liddell era um corredor extraordin\u00e1rio, mas ainda mais importante, Eric era um homem extraordin\u00e1rio.<\/p>\n\n\n\n<h2 class=\"wp-block-heading\">Fiel<\/h2>\n\n\n\n<p>&#039;Lembra-te do dia do s\u00e1bado, para o santificar. Seis dias trabalhar\u00e1s e far\u00e1s toda a tua obra, mas o s\u00e9timo dia \u00e9 o s\u00e1bado do Senhor teu Deus; nela n\u00e3o far\u00e1s nenhum trabalho, nem tu, nem o teu filho, nem a tua filha, nem o teu servo, nem a tua serva, nem o teu gado, nem o estrangeiro que fica contigo. Porque em seis dias o Senhor fez os c\u00e9us e a terra, o mar e tudo o que neles h\u00e1, e ao s\u00e9timo dia descansou; por isso o Senhor aben\u00e7oou o dia de s\u00e1bado e o santificou. <strong>\u00caxodo 20:8-11.<\/strong><\/p>\n\n\n\n<p>Paris sediou os Jogos Ol\u00edmpicos de Ver\u00e3o de 1924. Crist\u00e3o devoto, Eric Liddell se recusou a correr na bateria realizada no domingo. Ele foi for\u00e7ado a desistir da corrida de 100 metros, sua melhor prova. A obedi\u00eancia a Deus era mais importante que uma medalha de ouro. Eric era um corredor, mas tamb\u00e9m era crist\u00e3o e pregador. Eric fez o melhor que p\u00f4de para praticar o que pregava: &#039;Voc\u00ea conhecer\u00e1 tanto de Deus, e somente tanto de Deus, quanto estiver disposto a colocar em pr\u00e1tica.&#039;<\/p>\n\n\n\n<h2 class=\"wp-block-heading\">R\u00e1pido<\/h2>\n\n\n\n<p>&#039;Deus me fez r\u00e1pido. E quando corro, sinto Seu prazer.&#039; <strong>Eric Liddell<\/strong><\/p>\n\n\n\n<p>Tendo desistido dos 100 metros rasos, Eric escolheu os 400 metros. Em 10 de julho de 1924, dia da final dos 400 metros ol\u00edmpicos, Liddell foi at\u00e9 os blocos de partida, onde um treinador da equipe ol\u00edmpica americana colocou em sua m\u00e3o um peda\u00e7o de papel com uma cita\u00e7\u00e3o de 1 Samuel 2:30: &quot;Aqueles que honram eu vou honrar.&quot; Na pista externa, Liddell n\u00e3o conseguiria ver seus concorrentes. Liddle, cujo melhor tempo anterior era 49,6, cruzou a linha de chegada em 47,6 segundos para ganhar a medalha de ouro, quebrando os recordes ol\u00edmpicos e mundiais. O relat\u00f3rio em <em>O guardi\u00e3o <\/em>em 12 de julho de 1924 capturou a corrida perfeitamente,<\/p>\n\n\n\n<p>EH Liddell, o velocista da Universidade de Edimburgo, venceu a final dos 400 metros com o tempo recorde mundial de 47 3\/seg., depois do que foi talvez o maior<\/p>\n\n\n\n<p>corrida de quarto de milha j\u00e1 realizada. O campe\u00e3o brit\u00e2nico, que, na pista externa, saltou \u00e0 frente ao estalar da pistola, nunca foi apanhado. Ele correu cada um dos tr\u00eas primeiros cem metros em 12 segundos mortos e o quarto em 113\/5 segundos.<\/p>\n\n\n\n<p>A sua estrat\u00e9gia, que parecia imposs\u00edvel, revelou-se verdadeira. O segredo do meu sucesso nos 400m \u00e9 que corro os primeiros 200m o mais r\u00e1pido que posso. Depois, nos segundos 200m, com a ajuda de Deus corro mais r\u00e1pido.&#039; Seus primeiros 200 metros foram r\u00e1pidos, mas os segundos 200 metros foram mais r\u00e1pidos.<\/p>\n\n\n\n<h2 class=\"wp-block-heading\">Circunst\u00e2ncias<\/h2>\n\n\n\n<p>&#039;As circunst\u00e2ncias podem parecer destruir as nossas vidas e os planos de Deus, mas Deus n\u00e3o est\u00e1 indefeso entre as ru\u00ednas. O amor de Deus ainda est\u00e1 funcionando. Ele chega e pega a calamidade e a usa vitoriosamente, executando Seu maravilhoso plano de amor.&#039; <strong>Eric Liddell<\/strong><\/p>\n\n\n\n<p>A pista de corrida logo deu lugar ao campo mission\u00e1rio. Eric atendeu ao chamado para servir como mission\u00e1rio. Ele n\u00e3o via isto como uma voca\u00e7\u00e3o especial, mas como uma identidade comum para todos os crist\u00e3os. &#039;Somos todos mission\u00e1rios. Onde quer que vamos, ou aproximamos as pessoas de Cristo ou as afastamos de Cristo.&#039; Eric tinha uma personalidade atraente e seu testemunho era convincente. No entanto, suas circunst\u00e2ncias mudaram. A Segunda Guerra Mundial encontrou Eric e outros ocidentais apanhados pela ocupa\u00e7\u00e3o japonesa. As circunst\u00e2ncias de Eric mudaram, mas seu car\u00e1ter e sua f\u00e9 permanecem inabal\u00e1veis. enterrado em um campo de prisioneiros de guerra japon\u00eas, Eric tentou manter o bom moral apesar das circunst\u00e2ncias desesperadoras.<\/p>\n\n\n\n<h2 class=\"wp-block-heading\">Sinceridade<\/h2>\n\n\n\n<p>&#039;O amor deve ser sincero. Odeie o que \u00e9 mau; apegue-se ao que \u00e9 bom.&#039; <strong>Ap\u00f3stolo Paulo, <\/strong>Romanos 12: 9<\/p>\n\n\n\n<p>Sincero \u00e9 derivado do latim - <em>sincero <\/em>ou literalmente sem cera. Um escultor que trabalhasse com m\u00e1rmore encobriria quaisquer erros com cera. As imperfei\u00e7\u00f5es seriam ocultadas da vista. Com o calor, a cera derreteria. Com o tempo, a cera acabaria por se desgastar. As falhas seriam ent\u00e3o reveladas para todos verem. Quando Eric pregava, ele exortava seu ouvinte a ser consistente. A f\u00e9 e a vida devem ser integradas perfeitamente. Devemos ficar &#039;sem cera&#039;. Eric estava ciente de suas falhas e inconsist\u00eancias e ainda assim sua vida foi caracterizada por uma sinceridade evidente. H\u00e1 algo atraente e convincente em uma vida vivida com f\u00e9 sincera.<\/p>\n\n\n\n<p>Duncan Hamilton citou uma entrevista de 1932 com o ex-campe\u00e3o ol\u00edmpico, mas na \u00e9poca mission\u00e1rio na China. O rep\u00f3rter perguntou a Eric: &#039;Voc\u00ea est\u00e1 feliz por ter dedicado sua vida ao trabalho mission\u00e1rio? Voc\u00ea n\u00e3o sente falta dos holofotes, da agita\u00e7\u00e3o, do frenesi, dos aplausos, do rico vinho tinto da vit\u00f3ria?&#039; Liddell respondeu: &#039;A vida de um sujeito conta muito mais nisso do que a do outro.&#039; Hamilton encerrou sua biografia com este epit\u00e1fio sobre uma vida bem vivida: &#039;T\u00e3o verdadeiro, t\u00e3o verdadeiro. Mas s\u00f3 Eric Henry Liddell \u2013 a mais serena das almas \u2013 poderia ter dito isso com tanta sinceridade.<\/p>\n\n\n\n<h2 class=\"wp-block-heading\">Obedi\u00eancia<\/h2>\n\n\n\n<p>&#039;A obedi\u00eancia \u00e0 vontade de Deus \u00e9 o segredo do conhecimento e da percep\u00e7\u00e3o espiritual. N\u00e3o \u00e9 a disposi\u00e7\u00e3o de saber, mas a disposi\u00e7\u00e3o de FAZER (obedecer) a vontade de Deus que traz certeza.&#039; <strong>Eric Liddell<\/strong><\/p>\n\n\n\n<p>\u00c9 f\u00e1cil haver uma desconex\u00e3o entre saber e fazer. Saber o que \u00e9 certo e dizer aos outros o que \u00e9 certo \u00e9 uma coisa. Fazer o que voc\u00ea sabe ser certo \u00e9 outra coisa. Seguir seus princ\u00edpios quando n\u00e3o h\u00e1 custo e mant\u00ea-los quando o custo \u00e9 alto \u00e9 uma medida de car\u00e1ter. A disposi\u00e7\u00e3o de fazer o que \u00e9 certo \u00e9 uma for\u00e7a de car\u00e1ter que ficou evidente na vida de Eric na pista, pregando em sal\u00f5es mission\u00e1rios, servindo na China e vivendo sua vida di\u00e1ria.<\/p>\n\n\n\n<p>Crescer em conhecimento \u00e9 relativamente f\u00e1cil, mas uma disposi\u00e7\u00e3o sincera de fazer o que voc\u00ea sabe ser certo e de fazer o que voc\u00ea sabe que Deus est\u00e1 chamando a fazer \u00e9 a verdadeira medida da integridade e consist\u00eancia de uma pessoa.<\/p>\n\n\n\n<p>A obedi\u00eancia custa caro. Em 1941, o governo brit\u00e2nico exortou os seus cidad\u00e3os a deixar a China, pois a situa\u00e7\u00e3o estava a tornar-se cada vez mais perigosa e imprevis\u00edvel. Eric se despediu de sua esposa Florence e de seus filhos ao voltarem para casa. Ele permaneceu obediente ao seu chamado de ministrar aos chineses na China.<\/p>\n\n\n\n<h2 class=\"wp-block-heading\">Vit\u00f3ria<\/h2>\n\n\n\n<p>&#039;A vit\u00f3ria sobre todas as circunst\u00e2ncias da vida n\u00e3o vem pela for\u00e7a nem pelo poder, mas por uma confian\u00e7a pr\u00e1tica em Deus e pela permiss\u00e3o do Seu Esp\u00edrito habitar em nossos cora\u00e7\u00f5es e controlar nossas a\u00e7\u00f5es e emo\u00e7\u00f5es. Aprenda, nos dias de facilidade e conforto, a pensar em termos da ora\u00e7\u00e3o que se segue, para que, quando chegarem os dias de dificuldades, voc\u00ea esteja totalmente preparado e equipado para enfrent\u00e1-los.&#039; <strong>Eric Liddell<\/strong><\/p>\n\n\n\n<p>A vit\u00f3ria pode ser vista numa medalha de ouro ou num tempo recorde mundial, mas para Eric a vit\u00f3ria pode ser evidenciada em todas as esferas da vida e do servi\u00e7o. Vit\u00f3ria significava lutar para ser o melhor \u2013 n\u00e3o necessariamente melhor que todos os outros, mas lutar para ser o melhor que voc\u00ea pode ser. Eric observou certa vez: &#039;Muitos de n\u00f3s estamos perdendo alguma coisa na vida porque estamos atr\u00e1s do segundo melhor.&#039; Nos jogos de 1924, Eric conquistou a vit\u00f3ria sobre seus rivais. Eric desfrutou de vit\u00f3rias em ambientes muito diferentes, ao servir como mission\u00e1rio ao povo chin\u00eas e ao ministrar aos seus colegas prisioneiros de guerra durante a guerra. Eric estava preparado para os dias de dificuldades quando eles chegassem. Morrer de um tumor cerebral e ser enterrado em uma cova n\u00e3o identific\u00e1vel dificilmente parece vitorioso, mas a f\u00e9 de Eric permitiu-lhe enfrentar os triunfos e a trag\u00e9dia da vida com otimismo.<\/p>\n\n\n\n<h2 class=\"wp-block-heading\">Gl\u00f3ria<\/h2>\n\n\n\n<p>&#039;Tanto na poeira da derrota quanto nos louros da vit\u00f3ria, h\u00e1 uma gl\u00f3ria a ser encontrada se algu\u00e9m fizer o seu melhor.&#039; <strong>Eric Liddell<\/strong><\/p>\n\n\n\n<p>Duncan Hamilton intitulou sua biografia de Eric Liddell, <em>Para a gl\u00f3ria. <\/em>Deus fez Eric r\u00e1pido. Eric tamb\u00e9m foi convencido de que \u201cDeus me fez para a China\u201d. A maioria de n\u00f3s nunca comparecer\u00e1 pessoalmente \u00e0s Olimp\u00edadas, muito menos competir\u00e1 e ganhar\u00e1 uma medalha de ouro. N\u00e3o cruzaremos o mundo para servir um povo diferente numa terra distante. N\u00e3o passaremos pelas prova\u00e7\u00f5es da pris\u00e3o ou pela dor da separa\u00e7\u00e3o da fam\u00edlia.    Eric Liddell foi um daqueles personagens extraordin\u00e1rios cuja hist\u00f3ria nos faz sentir melhor s\u00f3 de conhec\u00ea-lo. Teria sido um privil\u00e9gio t\u00ea-lo conhecido e visto por n\u00f3s mesmos, sua agilidade de p\u00e9s e observado a sinceridade de seu car\u00e1ter.<\/p>\n\n\n\n<p>\u00c9 imposs\u00edvel e injusto colocar palavras em sua boca, mas me pergunto se, ao lermos essas reflex\u00f5es sobre uma vida bem vivida, Eric poderia citar o ap\u00f3stolo Paulo: &#039;Portanto, quer voc\u00ea coma, beba ou fa\u00e7a qualquer outra coisa, fa\u00e7a tudo por a gl\u00f3ria de Deus.&#039; <strong>1 Cor\u00edntios 10:31<\/strong><\/p>\n\n\n\n<p><strong>Bob Akroyd, moderador da Igreja Livre da Esc\u00f3cia<\/strong><\/p>","protected":false},"excerpt":{"rendered":"<p>The biography of Eric Liddell is well known and can be accessed online or in print. I enjoyed reading Duncan Hamilton's For the Glory: The...<\/p>","protected":false},"author":1,"featured_media":599,"parent":0,"menu_order":0,"comment_status":"closed","ping_status":"closed","template":"","meta":{"_acf_changed":false,"_monsterinsights_skip_tracking":false,"_monsterinsights_sitenote_active":false,"_monsterinsights_sitenote_note":"","_monsterinsights_sitenote_category":0,"pgc_sgb_lightbox_settings":"","footnotes":""},"class_list":["post-607","page","type-page","status-publish","has-post-thumbnail","hentry"],"acf":[],"_links":{"self":[{"href":"https:\/\/www.france1million.world\/pt\/wp-json\/wp\/v2\/pages\/607","targetHints":{"allow":["GET"]}}],"collection":[{"href":"https:\/\/www.france1million.world\/pt\/wp-json\/wp\/v2\/pages"}],"about":[{"href":"https:\/\/www.france1million.world\/pt\/wp-json\/wp\/v2\/types\/page"}],"author":[{"embeddable":true,"href":"https:\/\/www.france1million.world\/pt\/wp-json\/wp\/v2\/users\/1"}],"replies":[{"embeddable":true,"href":"https:\/\/www.france1million.world\/pt\/wp-json\/wp\/v2\/comments?post=607"}],"version-history":[{"count":1,"href":"https:\/\/www.france1million.world\/pt\/wp-json\/wp\/v2\/pages\/607\/revisions"}],"predecessor-version":[{"id":608,"href":"https:\/\/www.france1million.world\/pt\/wp-json\/wp\/v2\/pages\/607\/revisions\/608"}],"wp:featuredmedia":[{"embeddable":true,"href":"https:\/\/www.france1million.world\/pt\/wp-json\/wp\/v2\/media\/599"}],"wp:attachment":[{"href":"https:\/\/www.france1million.world\/pt\/wp-json\/wp\/v2\/media?parent=607"}],"curies":[{"name":"wp","href":"https:\/\/api.w.org\/{rel}","templated":true}]}}