{"id":478,"date":"2024-07-05T09:27:45","date_gmt":"2024-07-05T07:27:45","guid":{"rendered":"https:\/\/www.france1million.world\/?page_id=478"},"modified":"2024-07-27T13:08:35","modified_gmt":"2024-07-27T11:08:35","slug":"pray","status":"publish","type":"page","link":"https:\/\/www.france1million.world\/pt\/pray\/","title":{"rendered":"Rezar"},"content":{"rendered":"<h3 class=\"wp-block-heading has-text-align-center\">Obrigado por orar pela Fran\u00e7a!<\/h3>\n\n\n\n<p class=\"has-text-align-center\"><strong>Aqui est\u00e3o 7 maneiras interessantes de voc\u00ea se conectar com outras pessoas e ser informado enquanto ora\u2026<\/strong><\/p>\n\n\n\n<figure class=\"wp-block-image size-full\"><img loading=\"lazy\" decoding=\"async\" width=\"1200\" height=\"416\" src=\"https:\/\/www.france1million.world\/wp-content\/uploads\/2024\/07\/Pray-Header-01.jpg\" alt=\"\" class=\"wp-image-492\" srcset=\"https:\/\/www.france1million.world\/wp-content\/uploads\/2024\/07\/Pray-Header-01.jpg 1200w, https:\/\/www.france1million.world\/wp-content\/uploads\/2024\/07\/Pray-Header-01-380x132.jpg 380w, https:\/\/www.france1million.world\/wp-content\/uploads\/2024\/07\/Pray-Header-01-768x266.jpg 768w, https:\/\/www.france1million.world\/wp-content\/uploads\/2024\/07\/Pray-Header-01-18x6.jpg 18w\" sizes=\"auto, (max-width: 1200px) 100vw, 1200px\" \/><\/figure>\n\n\n\n<h2 class=\"wp-block-heading\">1. Love France - Guia de Ora\u00e7\u00e3o de 50 Dias<\/h2>\n\n\n\n<p>Durante 50 dias, de segunda-feira, 22 de julho, at\u00e9 segunda-feira, 9 de julho. Publicaremos um guia di\u00e1rio de ora\u00e7\u00e3o em 33 idiomas em www.france1million.world.<\/p>\n\n\n\n<p>O guia, que foi escrito por nossos amigos do Impact France, apresenta um tema di\u00e1rio e escrituras, al\u00e9m de focar na Fran\u00e7a e nos Jogos, com dicas de ora\u00e7\u00e3o em cada um.<\/p>\n\n\n\n<figure class=\"wp-block-image size-full\"><img loading=\"lazy\" decoding=\"async\" width=\"1200\" height=\"416\" src=\"https:\/\/www.france1million.world\/wp-content\/uploads\/2024\/07\/Pray-Header-02.jpg\" alt=\"\" class=\"wp-image-491\" srcset=\"https:\/\/www.france1million.world\/wp-content\/uploads\/2024\/07\/Pray-Header-02.jpg 1200w, https:\/\/www.france1million.world\/wp-content\/uploads\/2024\/07\/Pray-Header-02-380x132.jpg 380w, https:\/\/www.france1million.world\/wp-content\/uploads\/2024\/07\/Pray-Header-02-768x266.jpg 768w, https:\/\/www.france1million.world\/wp-content\/uploads\/2024\/07\/Pray-Header-02-18x6.jpg 18w\" sizes=\"auto, (max-width: 1200px) 100vw, 1200px\" \/><\/figure>\n\n\n\n<h2 class=\"wp-block-heading\">2. Intersemente HOP<\/h2>\n\n\n\n<p>Junte-se a n\u00f3s no aplicativo online Interseed HOP, onde oraremos e compartilharemos pensamentos sobre os temas do guia de ora\u00e7\u00e3o di\u00e1rio.<\/p>\n\n\n\n<p>As Casas de Ora\u00e7\u00e3o de Paris est\u00e3o organizando ora\u00e7\u00f5es 24 horas por dia, 7 dias por semana durante os jogos e compartilhar\u00e3o palavras, escrituras e imagens adicionais recebidas todos os dias por meio do aplicativo Interseed.<\/p>\n\n\n\n<p>O Interseed est\u00e1 dispon\u00edvel nas plataformas Android e iOS.<\/p>\n\n\n\n<figure class=\"wp-block-image size-full\"><img loading=\"lazy\" decoding=\"async\" width=\"1200\" height=\"416\" src=\"https:\/\/www.france1million.world\/wp-content\/uploads\/2024\/07\/Pray-Header-03.jpg\" alt=\"\" class=\"wp-image-497\" srcset=\"https:\/\/www.france1million.world\/wp-content\/uploads\/2024\/07\/Pray-Header-03.jpg 1200w, https:\/\/www.france1million.world\/wp-content\/uploads\/2024\/07\/Pray-Header-03-380x132.jpg 380w, https:\/\/www.france1million.world\/wp-content\/uploads\/2024\/07\/Pray-Header-03-768x266.jpg 768w, https:\/\/www.france1million.world\/wp-content\/uploads\/2024\/07\/Pray-Header-03-18x6.jpg 18w\" sizes=\"auto, (max-width: 1200px) 100vw, 1200px\" \/><\/figure>\n\n\n\n<h2 class=\"wp-block-heading\">3. Sala de Ora\u00e7\u00e3o da Fam\u00edlia Global 24 horas por dia, 7 dias por semana<\/h2>\n\n\n\n<p>A Sala de Ora\u00e7\u00e3o 24 horas por dia, 7 dias por semana da Fam\u00edlia Global \u00e9 um encontro online de ora\u00e7\u00e3o cont\u00ednua sob a \u00e9gide do IPC que tem orado ao redor do trono, ao redor do mundo e 24 horas por dia por quase quatro anos!<\/p>\n\n\n\n<p>168 anfitri\u00f5es conduzem sess\u00f5es de hora em hora durante a semana em 14 idiomas diferentes<\/p>\n\n\n\n<p>Cada hora \u00e9 dedicada \u00e0 ora\u00e7\u00e3o pela Fran\u00e7a e pelos jogos. Cadastre-se gratuitamente neste <strong><a href=\"https:\/\/mailchi.mp\/globalfamily24-7prayer\/register\" target=\"_blank\" rel=\"noreferrer noopener\">link<\/a><\/strong>.<\/p>\n\n\n\n<figure class=\"wp-block-image size-full\"><img loading=\"lazy\" decoding=\"async\" width=\"1200\" height=\"416\" src=\"https:\/\/www.france1million.world\/wp-content\/uploads\/2024\/07\/Pray-Header-04.jpg\" alt=\"\" class=\"wp-image-496\" srcset=\"https:\/\/www.france1million.world\/wp-content\/uploads\/2024\/07\/Pray-Header-04.jpg 1200w, https:\/\/www.france1million.world\/wp-content\/uploads\/2024\/07\/Pray-Header-04-380x132.jpg 380w, https:\/\/www.france1million.world\/wp-content\/uploads\/2024\/07\/Pray-Header-04-768x266.jpg 768w, https:\/\/www.france1million.world\/wp-content\/uploads\/2024\/07\/Pray-Header-04-18x6.jpg 18w\" sizes=\"auto, (max-width: 1200px) 100vw, 1200px\" \/><\/figure>\n\n\n\n<h2 class=\"wp-block-heading\">4. Caminhada virtual de ora\u00e7\u00e3o em Paris<\/h2>\n\n\n\n<p>Participe de uma caminhada virtual de ora\u00e7\u00e3o pela Regina de Paris! O IPC, em parceria com nossos amigos da Pray for Paris, produziu uma caminhada de ora\u00e7\u00e3o on-line com links do Google Street View para cada ponto de refer\u00eancia.<\/p>\n\n\n\n<p>Clique aqui para a caminhada de ora\u00e7\u00e3o!<\/p>\n\n\n\n<figure class=\"wp-block-image size-full\"><img loading=\"lazy\" decoding=\"async\" width=\"1200\" height=\"416\" src=\"https:\/\/www.france1million.world\/wp-content\/uploads\/2024\/07\/Pray-Header-05.jpg\" alt=\"\" class=\"wp-image-495\" srcset=\"https:\/\/www.france1million.world\/wp-content\/uploads\/2024\/07\/Pray-Header-05.jpg 1200w, https:\/\/www.france1million.world\/wp-content\/uploads\/2024\/07\/Pray-Header-05-380x132.jpg 380w, https:\/\/www.france1million.world\/wp-content\/uploads\/2024\/07\/Pray-Header-05-768x266.jpg 768w, https:\/\/www.france1million.world\/wp-content\/uploads\/2024\/07\/Pray-Header-05-18x6.jpg 18w\" sizes=\"auto, (max-width: 1200px) 100vw, 1200px\" \/><\/figure>\n\n\n\n<h2 class=\"wp-block-heading\">5. Paris em 110 cidades<\/h2>\n\n\n\n<p>Paris foi identificada pelas ag\u00eancias mission\u00e1rias como uma das 110 cidades mundiais onde existem grupos significativos de povos n\u00e3o alcan\u00e7ados que est\u00e3o maduros para o Evangelho.<\/p>\n\n\n\n<p>Estes grupos de pessoas t\u00eam agora acesso \u00e0 B\u00edblia na sua l\u00edngua materna, o Filme Jesus dispon\u00edvel, caminhadas de ora\u00e7\u00e3o a decorrer e plantadores de igrejas prontos para partilhar Jesus com eles. Eles s\u00f3 precisam de uma caldeira de ora\u00e7\u00e3o para cobri-los!<\/p>\n\n\n\n<p>Ore pelos povos n\u00e3o alcan\u00e7ados de Paris aqui<\/p>\n\n\n\n<figure class=\"wp-block-image size-full\"><img loading=\"lazy\" decoding=\"async\" width=\"1200\" height=\"416\" src=\"https:\/\/www.france1million.world\/wp-content\/uploads\/2024\/07\/Pray-Header-06.jpg\" alt=\"\" class=\"wp-image-494\" srcset=\"https:\/\/www.france1million.world\/wp-content\/uploads\/2024\/07\/Pray-Header-06.jpg 1200w, https:\/\/www.france1million.world\/wp-content\/uploads\/2024\/07\/Pray-Header-06-380x132.jpg 380w, https:\/\/www.france1million.world\/wp-content\/uploads\/2024\/07\/Pray-Header-06-768x266.jpg 768w, https:\/\/www.france1million.world\/wp-content\/uploads\/2024\/07\/Pray-Header-06-18x6.jpg 18w\" sizes=\"auto, (max-width: 1200px) 100vw, 1200px\" \/><\/figure>\n\n\n\n<h2 class=\"wp-block-heading\">6. Fran\u00e7a na Opera\u00e7\u00e3o Mundo<\/h2>\n\n\n\n<p>Encontre informa\u00e7\u00f5es detalhadas sobre a Fran\u00e7a, juntamente com ponteiros de ora\u00e7\u00e3o focados em miss\u00f5es e mapas na Opera\u00e7\u00e3o Mundo.<\/p>\n\n\n\n<figure class=\"wp-block-image size-full\"><img loading=\"lazy\" decoding=\"async\" width=\"1200\" height=\"416\" src=\"https:\/\/www.france1million.world\/wp-content\/uploads\/2024\/07\/Pray-Header-07.jpg\" alt=\"\" class=\"wp-image-493\" srcset=\"https:\/\/www.france1million.world\/wp-content\/uploads\/2024\/07\/Pray-Header-07.jpg 1200w, https:\/\/www.france1million.world\/wp-content\/uploads\/2024\/07\/Pray-Header-07-380x132.jpg 380w, https:\/\/www.france1million.world\/wp-content\/uploads\/2024\/07\/Pray-Header-07-768x266.jpg 768w, https:\/\/www.france1million.world\/wp-content\/uploads\/2024\/07\/Pray-Header-07-18x6.jpg 18w\" sizes=\"auto, (max-width: 1200px) 100vw, 1200px\" \/><\/figure>\n\n\n\n<h2 class=\"wp-block-heading\">7. Siga-nos nas redes sociais<\/h2>\n\n\n\n<p>A equipe de m\u00eddia do IPC trabalhar\u00e1 com o Ensemble 2024 para produzir boletins de v\u00eddeo regulares e postagens de m\u00eddia sobre os principais jogos e para-jogos.<\/p>\n\n\n\n<p>Os boletins em v\u00eddeo apresentar\u00e3o informa\u00e7\u00f5es atualizadas, testemunhos, ora\u00e7\u00f5es respondidas, entrevistas e ora\u00e7\u00f5es da Fran\u00e7a.<\/p>\n\n\n\n<p>Lembrar! Cada clique para dizer &#039;eu orei&#039; vai para a doa\u00e7\u00e3o de 1 milh\u00e3o de ora\u00e7\u00f5es da igreja mundial pela Fran\u00e7a!<\/p>","protected":false},"excerpt":{"rendered":"<p>Thank you for praying for France! Here are 7 exciting ways that you can connect with others and be informed as you pray\u2026 1. Love...<\/p>","protected":false},"author":1,"featured_media":276,"parent":0,"menu_order":0,"comment_status":"closed","ping_status":"closed","template":"","meta":{"_acf_changed":false,"_monsterinsights_skip_tracking":false,"_monsterinsights_sitenote_active":false,"_monsterinsights_sitenote_note":"","_monsterinsights_sitenote_category":0,"pgc_sgb_lightbox_settings":"","footnotes":""},"class_list":["post-478","page","type-page","status-publish","has-post-thumbnail","hentry"],"acf":[],"_links":{"self":[{"href":"https:\/\/www.france1million.world\/pt\/wp-json\/wp\/v2\/pages\/478","targetHints":{"allow":["GET"]}}],"collection":[{"href":"https:\/\/www.france1million.world\/pt\/wp-json\/wp\/v2\/pages"}],"about":[{"href":"https:\/\/www.france1million.world\/pt\/wp-json\/wp\/v2\/types\/page"}],"author":[{"embeddable":true,"href":"https:\/\/www.france1million.world\/pt\/wp-json\/wp\/v2\/users\/1"}],"replies":[{"embeddable":true,"href":"https:\/\/www.france1million.world\/pt\/wp-json\/wp\/v2\/comments?post=478"}],"version-history":[{"count":7,"href":"https:\/\/www.france1million.world\/pt\/wp-json\/wp\/v2\/pages\/478\/revisions"}],"predecessor-version":[{"id":1099,"href":"https:\/\/www.france1million.world\/pt\/wp-json\/wp\/v2\/pages\/478\/revisions\/1099"}],"wp:featuredmedia":[{"embeddable":true,"href":"https:\/\/www.france1million.world\/pt\/wp-json\/wp\/v2\/media\/276"}],"wp:attachment":[{"href":"https:\/\/www.france1million.world\/pt\/wp-json\/wp\/v2\/media?parent=478"}],"curies":[{"name":"wp","href":"https:\/\/api.w.org\/{rel}","templated":true}]}}