{"id":365,"date":"2024-06-26T11:29:59","date_gmt":"2024-06-26T09:29:59","guid":{"rendered":"https:\/\/www.france1million.world\/?page_id=365"},"modified":"2024-07-27T12:45:42","modified_gmt":"2024-07-27T10:45:42","slug":"pray-for-5","status":"publish","type":"page","link":"https:\/\/www.france1million.world\/pt\/pray-for-5\/","title":{"rendered":"Ore por 5"},"content":{"rendered":"<figure class=\"wp-block-image alignwide size-full\"><img loading=\"lazy\" decoding=\"async\" width=\"1200\" height=\"584\" src=\"https:\/\/www.france1million.world\/wp-content\/uploads\/2024\/06\/BLESS_Card_v1.jpg\" alt=\"\" class=\"wp-image-367\" srcset=\"https:\/\/www.france1million.world\/wp-content\/uploads\/2024\/06\/BLESS_Card_v1.jpg 1200w, https:\/\/www.france1million.world\/wp-content\/uploads\/2024\/06\/BLESS_Card_v1-380x185.jpg 380w, https:\/\/www.france1million.world\/wp-content\/uploads\/2024\/06\/BLESS_Card_v1-768x374.jpg 768w, https:\/\/www.france1million.world\/wp-content\/uploads\/2024\/06\/BLESS_Card_v1-18x9.jpg 18w\" sizes=\"auto, (max-width: 1200px) 100vw, 1200px\" \/><\/figure>\n\n\n\n<h2 class=\"wp-block-heading\">Ore por 5<\/h2>\n\n\n\n<h3 class=\"wp-block-heading\">Reserve 5 minutos por dia para orar por 5 pessoas pelo nome que precisam de Jesus<\/h3>\n\n\n\n<h2 class=\"wp-block-heading\">Maneiras de orar<\/h2>\n\n\n\n<ul class=\"wp-block-list\">\n<li>Pai, atraia-os para o seu Filho Jesus (Jo\u00e3o 6:44).<\/li>\n\n\n\n<li>Pai, remove a cegueira espiritual deles para que creiam no Evangelho (2 Cor. 4:4; Atos 16:14).<\/li>\n\n\n\n<li>Pai, d\u00e1-lhes o dom do arrependimento para que se convertam dos seus pecados (Jo\u00e3o 16:8; 2 Tim\u00f3teo 2:25-26).<\/li>\n\n\n\n<li>Pai, d\u00e1-me oportunidades e ousadia para compartilhar o Evangelho com eles (Cl 4:3-4; Atos 4:29-31).<\/li>\n\n\n\n<li>Pai, por favor, salve eles e toda a sua fam\u00edlia (Atos 16:31)<\/li>\n<\/ul>\n\n\n\n<p>COMPARTILHE JESUS COM ELES VIVENDO<\/p>\n\n\n\n<h2 class=\"wp-block-heading\">O estilo de vida BLESS<\/h2>\n\n\n\n<p>Comece com ora\u00e7\u00e3o | Ou\u00e7a-os | Coma com eles | Sirva-os | Compartilhe Jesus com eles<\/p>\n\n\n\n<h3 class=\"wp-block-heading\">Cart\u00e3o BLESS gr\u00e1tis<\/h3>\n\n\n\n<p>Baixe e imprima o Gr\u00e1tis&nbsp;<strong>Cart\u00e3o ABEN\u00c7OADO<\/strong>, escreva os nomes das suas 5 pessoas e guarde-os como um lembrete para&nbsp;<strong>Ore por 5<\/strong>&nbsp;cada dia!<\/p>\n\n\n\n<div class=\"wp-block-buttons is-layout-flex wp-block-buttons-is-layout-flex\">\n<div class=\"wp-block-button\"><a class=\"wp-block-button__link wp-element-button\" href=\"https:\/\/www.france1million.world\/wp-content\/uploads\/2024\/07\/Bless-Card.pdf\" target=\"_blank\" rel=\"noreferrer noopener\">BAIXAR CART\u00c3O DE B\u00caN\u00c7\u00c3O<\/a><\/div>\n\n\n\n<div class=\"wp-block-button\"><a class=\"wp-block-button__link wp-element-button\" href=\"https:\/\/www.france1million.world\/pt\/prayer-guide\/\">GUIA DE ORA\u00c7\u00c3O<\/a><\/div>\n<\/div>","protected":false},"excerpt":{"rendered":"<p>Pray for 5 Take 5 minutes a day to Pray for 5 people by name who need Jesus Ways to Pray SHARE JESUS WITH THEM...<\/p>","protected":false},"author":1,"featured_media":264,"parent":0,"menu_order":0,"comment_status":"closed","ping_status":"closed","template":"","meta":{"_acf_changed":false,"_monsterinsights_skip_tracking":false,"_monsterinsights_sitenote_active":false,"_monsterinsights_sitenote_note":"","_monsterinsights_sitenote_category":0,"pgc_sgb_lightbox_settings":"","footnotes":""},"class_list":["post-365","page","type-page","status-publish","has-post-thumbnail","hentry"],"acf":[],"_links":{"self":[{"href":"https:\/\/www.france1million.world\/pt\/wp-json\/wp\/v2\/pages\/365","targetHints":{"allow":["GET"]}}],"collection":[{"href":"https:\/\/www.france1million.world\/pt\/wp-json\/wp\/v2\/pages"}],"about":[{"href":"https:\/\/www.france1million.world\/pt\/wp-json\/wp\/v2\/types\/page"}],"author":[{"embeddable":true,"href":"https:\/\/www.france1million.world\/pt\/wp-json\/wp\/v2\/users\/1"}],"replies":[{"embeddable":true,"href":"https:\/\/www.france1million.world\/pt\/wp-json\/wp\/v2\/comments?post=365"}],"version-history":[{"count":4,"href":"https:\/\/www.france1million.world\/pt\/wp-json\/wp\/v2\/pages\/365\/revisions"}],"predecessor-version":[{"id":1089,"href":"https:\/\/www.france1million.world\/pt\/wp-json\/wp\/v2\/pages\/365\/revisions\/1089"}],"wp:featuredmedia":[{"embeddable":true,"href":"https:\/\/www.france1million.world\/pt\/wp-json\/wp\/v2\/media\/264"}],"wp:attachment":[{"href":"https:\/\/www.france1million.world\/pt\/wp-json\/wp\/v2\/media?parent=365"}],"curies":[{"name":"wp","href":"https:\/\/api.w.org\/{rel}","templated":true}]}}