{"id":602,"date":"2024-07-08T04:53:12","date_gmt":"2024-07-08T02:53:12","guid":{"rendered":"https:\/\/www.france1million.world\/?page_id=602"},"modified":"2024-07-08T04:53:46","modified_gmt":"2024-07-08T02:53:46","slug":"messy-church-heros-delafoi","status":"publish","type":"page","link":"https:\/\/www.france1million.world\/it\/messy-church-heros-delafoi\/","title":{"rendered":"Eroi della chiesa disordinata DeLaFoi"},"content":{"rendered":"<figure class=\"wp-block-image size-full\"><img loading=\"lazy\" decoding=\"async\" width=\"1200\" height=\"143\" src=\"https:\/\/www.france1million.world\/wp-content\/uploads\/2024\/07\/Messy-Church-session-Hero-of-faith-Eric-Liddell-1.jpg\" alt=\"\" class=\"wp-image-603\" srcset=\"https:\/\/www.france1million.world\/wp-content\/uploads\/2024\/07\/Messy-Church-session-Hero-of-faith-Eric-Liddell-1.jpg 1200w, https:\/\/www.france1million.world\/wp-content\/uploads\/2024\/07\/Messy-Church-session-Hero-of-faith-Eric-Liddell-1-380x45.jpg 380w, https:\/\/www.france1million.world\/wp-content\/uploads\/2024\/07\/Messy-Church-session-Hero-of-faith-Eric-Liddell-1-768x92.jpg 768w, https:\/\/www.france1million.world\/wp-content\/uploads\/2024\/07\/Messy-Church-session-Hero-of-faith-Eric-Liddell-1-18x2.jpg 18w\" sizes=\"auto, (max-width: 1200px) 100vw, 1200px\" \/><\/figure>\n\n\n\n<h2 class=\"wp-block-heading\">Riflessione disordinata<\/h2>\n\n\n\n<p>Affinch\u00e9 diventiate irreprensibili e puri, &#039;figli di Dio senza colpa in una generazione storta e storta&#039;. Allora risplenderai in mezzo a loro come le stelle nel cielo mentre ti aggrappi saldamente alla parola di vita.<br>Filippesi 2:15\u201316a (NIV)<\/p>\n\n\n\n<p>Perci\u00f2, poich\u00e9 siamo circondati da un cos\u00ec grande nugolo di testimoni, gettiamo via tutto ci\u00f2 che ostacola e il peccato che cos\u00ec facilmente avvince. E corriamo con perseveranza la corsa che ci \u00e8 segnata, fissando lo sguardo su Ges\u00f9, pioniere e perfezionatore della fede. Per la gioia che gli era posta dinanzi egli sopport\u00f2 la croce, disprezzandone l&#039;ignominia, e si \u00e8 seduto alla destra del trono di Dio. Considera colui che ha sopportato tanta opposizione da parte dei peccatori, affinch\u00e9 tu non ti stanchi e non ti scoraggi.<br>Ebrei 12:1\u20133 (NIV)<\/p>\n\n\n\n<ul class=\"wp-block-list\">\n<li>In che modo questi passaggi mostrano qualcosa di Eric<br>La fede e i valori di Liddell?<\/li>\n<\/ul>\n\n\n\n<p>Lasciamo che ci\u00f2 che Cristo ha fatto per noi risplenda in ogni cosa della nostra vita. Lasciamo che la giustizia di Dio sia evidente nella nostra vita mentre viviamo una vita pura e irreprensibile davanti a Dio. In secondo luogo, brilliamo come stelle nell\u2019universo quando assumiamo la mente e l\u2019atteggiamento di Ges\u00f9.<\/p>\n\n\n\n<ul class=\"wp-block-list\">\n<li>In che modo la vita di Eric ha brillato dell&#039;amore di Dio?<\/li>\n\n\n\n<li>Come potremmo brillare in ci\u00f2 che pensiamo e facciamo?<\/li>\n<\/ul>\n\n\n\n<h2 class=\"wp-block-heading\">discepolato: squadra<\/h2>\n\n\n\n<h3 class=\"wp-block-heading\">In che modo questa sessione aiuta le persone a crescere in Cristo?<\/h3>\n\n\n\n<p>Questa sessione rifletter\u00e0 sulla vita, la fede, l&#039;impegno missionario e i risultati sportivi di un grande uomo di fede: Eric Liddell.<\/p>\n\n\n\n<p>Incoragger\u00e0 le persone a riflettere su come la sua fede abbia influenzato la sua vita e quella degli altri. Quest&#039;anno ricorre il centenario della famosa medaglia d&#039;oro di Eric ai Giochi Olimpici di Parigi del 1924. Oltre ai suoi successi in pista, i suoi valori cristiani e il suo esempio sono un&#039;ispirazione che ci incoraggia a considerare come utilizziamo i talenti che Dio ci ha donato e condividiamo la buona notizia di Ges\u00f9.<\/p>\n\n\n\n<h2 class=\"wp-block-heading\">La storia di Eric Liddell<\/h2>\n\n\n\n<p>Guarda questo video (<a href=\"http:\/\/ericLiddell.org\/wp-content\/uploads\/2023\/07\/EL100-Promo-Video-small.mp4\" target=\"_blank\" rel=\"noreferrer noopener\">ericLiddell.org\/wp-content\/uploads\/2023\/07\/EL100-Promo-Video-small.mp4<\/a>) o fare un racconto drammatizzato della sua storia.<\/p>\n\n\n\n<h3 class=\"wp-block-heading\">Punti chiave della vita di Eric<\/h3>\n\n\n\n<ul class=\"wp-block-list\">\n<li>Nato nel nord della Cina da genitori missionari scozzesi nel 1902.<\/li>\n\n\n\n<li>All&#039;et\u00e0 di cinque anni torn\u00f2 nel Regno Unito e and\u00f2 in collegio.<\/li>\n\n\n\n<li>All&#039;et\u00e0 di 18 anni Eric frequent\u00f2 l&#039;Universit\u00e0 di Edimburgo e cominci\u00f2 a dedicarsi alla corsa.<\/li>\n\n\n\n<li>1922 \u2013 gioca a rugby per la Scozia.<\/li>\n\n\n\n<li>1923: stabilisce il record britannico delle 100 yard.<\/li>\n\n\n\n<li>1924 \u2013 vince l&#039;oro alle Olimpiadi \u2013 MA si rifiuta di correre di domenica, quindi deve correre i 400 m invece dei 100 me vince.<\/li>\n\n\n\n<li>1925 \u2013 si ritira dallo sport e si trasferisce in Cina per servire Dio come missionario.<\/li>\n\n\n\n<li>1932 \u2013 ordinato ministro.<\/li>\n\n\n\n<li>1934 \u2013 sposa Firenze ed ha tre figli.<\/li>\n\n\n\n<li>1941 \u2013 la famiglia si separa a causa della guerra.<\/li>\n\n\n\n<li>1943 \u2013 Eric viene catturato e messo in un campo di internamento. Ha aiutato con lo sport e ha condiviso la sua fede nel campo.<\/li>\n\n\n\n<li>1945 \u2013 Eric muore nel campo per un tumore al cervello.<\/li>\n<\/ul>\n\n\n\n<h2 class=\"wp-block-heading\">Attivit\u00e0<\/h2>\n\n\n\n<ol class=\"wp-block-list\">\n<li><strong>La vita e la testimonianza di Eric Liddell<\/strong><\/li>\n<\/ol>\n\n\n\n<p>Avrai bisogno di: l&#039;elenco dei videoclip su Eric Liddell alla fine di questa sessione; il video che riassume la vita e l\u2019eredit\u00e0 di Eric Liddell \u2013 <a href=\"http:\/\/ericLiddell.org\/wp-content\/uploads\/2023\/07\/EL100-Promo-Video-small.mp4\" target=\"_blank\" rel=\"noreferrer noopener\">ericLiddell.org\/wp-content\/uploads\/2023\/07\/EL100-Promo-Video-small.mp4<\/a><\/p>\n\n\n\n<p>Guarda il video sulla vita e l&#039;eredit\u00e0 di Eric e scegline alcuni dall&#039;elenco da guardare. Perch\u00e9 non includere alcune clip di Chariots of Fire.<\/p>\n\n\n\n<p>Parla di ci\u00f2 che hai trovato interessante su Eric Liddell.<\/p>\n\n\n\n<ol class=\"wp-block-list\" start=\"2\">\n<li><strong>Cronologia di Eric Liddell<\/strong><\/li>\n<\/ol>\n\n\n\n<p>Avrai bisogno di: una cronologia della vita di Eric tagliata a strisce (c&#039;\u00e8 una risorsa utile qui con una cronologia alla fine \u2013 ragazzi- <a href=\"http:\/\/brigade.org.uk\/wp-content\/uploads\/2023\/12\/seniors-heroes_of_faith_eric_Liddell-themed_programme-with_activity_sheet-web.pdf\" target=\"_blank\" rel=\"noreferrer noopener\">brigade.org.uk\/wp-content\/uploads\/2023\/12\/seniors-heroes_of_faith_eric_Liddell-themed_programme-with_activity_sheet-web.pdf<\/a>)<\/p>\n\n\n\n<p>Assicurati di avere abbastanza copie per ogni gruppo e poi prendi ogni tavolo per mettere in ordine gli eventi chiave della vita di Eric.<\/p>\n\n\n\n<p><strong>Parlare di<\/strong> come Eric avesse il senso della chiamata e dell&#039;impegno verso Dio.<\/p>\n\n\n\n<ol class=\"wp-block-list\" start=\"3\">\n<li><strong>Salti con doppia stella<\/strong><\/li>\n<\/ol>\n\n\n\n<p><strong>Avrai bisogno di: un timer<\/strong><\/p>\n\n\n\n<p>Le persone possono fare a turno per vedere quanti salti stellari riescono a fare in un minuto o, se si sentono coraggiosi, provare quattro minuti!<\/p>\n\n\n\n<p><strong>Parlare di<\/strong> quanti salti stellari \u00e8 riuscito a eseguire ciascuna persona in un minuto e quattro minuti. Quanto \u00e8 stato pi\u00f9 difficile andare avanti per quattro minuti? Come sarebbe stato per Eric allenarsi per la corsa dei 100 metri e poi correre (e vincere!) i 400 metri?<\/p>\n\n\n\n<ol class=\"wp-block-list\" start=\"4\">\n<li><strong>Corri la gara in cinese mandarino<\/strong><\/li>\n<\/ol>\n\n\n\n<p><strong>Avrai bisogno di: carta; buone penne per scrivere (quelle per calligrafia sono ancora meglio!)<\/strong><\/p>\n\n\n\n<p>Copia o traccia la scritta sottostante, che dice &quot;Corri la corsa&quot; in mandarino e si pronuncia P\u0103o b\u0103s\u00e0i.<\/p>\n\n\n\n<p><strong>Parlare di<\/strong> come Eric Liddell &quot;ha corso la corsa&quot; della sua vita in Gran Bretagna e in Cina.<\/p>\n\n\n\n<ol class=\"wp-block-list\" start=\"5\">\n<li><strong>Eroi sportivi<\/strong><\/li>\n<\/ol>\n\n\n\n<p><strong>Avrai bisogno di: foto di diversi sportivi<\/strong><\/p>\n\n\n\n<p>Vedi se le persone riescono a indovinare i diversi eroi sportivi e cosa li rende un eroe?<\/p>\n\n\n\n<p><strong>Parlare di<\/strong> come Eric Liddell fosse un eroe.<\/p>\n\n\n\n<ol class=\"wp-block-list\" start=\"6\">\n<li><strong>Prendi le mie mani e i miei piedi<\/strong><\/li>\n<\/ol>\n\n\n\n<p><strong>Avrai bisogno di: carta; penne; forbici<\/strong><\/p>\n\n\n\n<p>Leggi il versetto seguente dall&#039;inno &quot;Prendi la mia vita&quot; di Frances Havergal (1836\u201379). Invita le persone a disegnare intorno alle loro mani e ai loro piedi. Ritagliali e scrivi sulle mani come Dio potrebbe prendere le tue mani e usarle: cosa potresti FARE per Dio? Sui piedi, come Dio potrebbe prendere i tuoi piedi e usarli \u2013 dove potresti ANDARE per Dio? Potrebbe essere la tua strada, la tua scuola o qualcosa di pi\u00f9 lontano.<\/p>\n\n\n\n<p>Leggi di nuovo il versetto tenendo tutti le mani e i piedi ritagliati.<\/p>\n\n\n\n<p><em>Prendi le mie mani e lasciale muovere<br>all&#039;impulso dell&#039;amore;<br>prendi i miei piedi e lasciali stare<br>veloce e bello per te.<\/em><\/p>\n\n\n\n<p><strong>Parlare di<\/strong> come Eric Liddell ha offerto la sua vita a Dio. Usava i piedi per correre e vincere le gare; le sue mani e i suoi piedi per giocare a rugby; ha viaggiato in Cina per parlare di Ges\u00f9; usava mani e piedi per aiutare gli altri mentre era in un campo di internamento.<\/p>\n\n\n\n<h2 class=\"wp-block-heading\">Celebrazione<\/h2>\n\n\n\n<p><em>Esplora la vita di Eric Liddell e come brilla dall&#039;interno.<\/em><\/p>\n\n\n\n<p>Usa la canzone &quot;Shine&quot; - <a href=\"http:\/\/youtu.be\/WGarMi70QSs\" target=\"_blank\" rel=\"noreferrer noopener\">youtu.be\/WGarMi70QSs<\/a><\/p>\n\n\n\n<p><em>Canta la canzone con azioni all&#039;inizio e alla fine della celebrazione, quindi esplora la vita di Eric Liddell e come ha brillato nei diversi aspetti della sua vita. Disponi di una stazione per ogni area e le persone possono spostarsi attorno a loro.<\/em><\/p>\n\n\n\n<ol class=\"wp-block-list\">\n<li><strong>Sport<\/strong> - Eric ha usato il suo dono per lo sport per giocare a rugby per la Scozia e per correre. La gara per la quale si era allenato erano i 100 metri ma scelse di non gareggiarvi alle Olimpiadi perch\u00e9 la gara era di domenica quindi invece corse i 400 metri e vinse!<br>Eric ha detto: &#039;Credo che Dio mi abbia creato per uno scopo, ma mi ha anche creato veloce. E quando corro, sento il suo piacere.&#039;<br><strong>Che cosa<\/strong> doni usi per Dio? Cosa d\u00e0 piacere a Dio?<\/li>\n\n\n\n<li><strong>Fede<\/strong> \u2013 La fede in Dio di Eric era davvero importante per lui ed era al primo posto nella sua vita. Si rifiut\u00f2 di correre di domenica, il sabato che secondo lui doveva essere santificato.<br>Eric ha detto: &#039;A molti di noi manca qualcosa nella vita perch\u00e9 cerchiamo il secondo posto migliore. Metto davanti a te quello che ho scoperto essere il migliore \u2013 colui che \u00e8 degno di tutta la nostra devozione \u2013 Ges\u00f9 Cristo. Egli \u00e8 il Salvatore dei giovani e degli anziani. Signore, eccomi qui.&#039;<br><strong>Come<\/strong> potresti mettere Ges\u00f9 al primo posto?<\/li>\n\n\n\n<li><strong>Condividere la fede<\/strong> \u2013 Eric ha parlato della sua fede in Ges\u00f9 ovunque si trovasse: sulle piste sportive, in Cina e in Scozia. La gente veniva da ogni parte del mondo per sentirlo parlare.<br>Eric ha detto: &#039;Siamo tutti missionari. Dovunque andiamo, o avviciniamo le persone a Cristo oppure le allontaniamo da Cristo.&#039;<br><strong>Come<\/strong> condividiamo Ges\u00f9 e portiamo gli altri a lui<\/li>\n\n\n\n<li><strong>Soffrire per la fede<\/strong> \u2013 Eric fu separato dalla sua famiglia e mandato in un campo di internamento durante la guerra, dove alla fine mor\u00ec di tumore al cervello. La sua fede in Dio lo ha aiutato in questo momento difficile e lui \u00e8 stato in grado di aiutare e<br>incoraggiare gli altri.<br>Eric ha detto: &#039;La vittoria su tutte le circostanze della vita non arriva con la forza, n\u00e9 con il potere, ma con una fiducia pratica in Dio e permettendo al suo Spirito di dimorare nei nostri cuori e controllare le nostre azioni ed emozioni. conforto, impara a pensare in termini di preghiera che segue, cos\u00ec che quando arriveranno i giorni di difficolt\u00e0 sarai pienamente preparato e attrezzato per affrontarli.&#039;<br><strong>Come<\/strong> la tua fede in Dio pu\u00f2 aiutarti quando le cose si fanno difficili?<\/li>\n<\/ol>\n\n\n\n<p><em>Esplorando la vita e la fede di Eric, abbiamo visto come lui &quot;risplendeva dall&#039;interno, affinch\u00e9 il mondo potesse vedere che vive in me&quot;.<\/em><\/p>\n\n\n\n<h3 class=\"wp-block-heading\">Preghiera<\/h3>\n\n\n\n<p><em>Un po\u2019 come nel periodo delle celebrazioni, disponete di diverse postazioni di preghiera dove le persone possono svolgere diverse attivit\u00e0 di preghiera.<\/em><\/p>\n\n\n\n<p><strong>Sport<\/strong> \u2013 Annota alcuni dei tuoi doni e le cose in cui sei bravo su un pallone da rugby o su un pallone da calcio. Ringrazia Dio per i doni che ti ha dato e prega che ti aiuti a usarli bene.<\/p>\n\n\n\n<p><strong>Missione<\/strong> \u2013 Scrivi preghiere affinch\u00e9 le chiese in diversi paesi crescano. Potresti attaccarli a una mappa del mondo.<\/p>\n\n\n\n<p><strong>Vivere la tua fede <\/strong>\u2013 Su una grande stella, scrivi o disegna cosa potresti fare per brillare, vivere la tua fede e condividere l&#039;amore di Dio.<\/p>\n\n\n\n<p><strong>La sofferenza in tempo di guerra<\/strong> \u2013 Su un giornale, scrivi brevi preghiere per coloro che soffrono a causa della guerra, oppure prega per paesi specifici in cui la guerra \u00e8 una realt\u00e0 quotidiana.<\/p>\n\n\n\n<h3 class=\"wp-block-heading\">Suggerimenti di canzoni<\/h3>\n\n\n\n<p>&#039;Shine (from the inside)&#039; \u2013 Raccolto primaverile<br>&quot;Con tutto quello che sono&quot; - Culto di Hillsong<br>&#039;Correre la corsa&#039; \u2013 Harbour Collective<br>&quot;Corri la corsa&quot; - Holly Starr<br>&#039;Correre la corsa&#039; \u2013 Chiesa della Libert\u00e0<\/p>\n\n\n\n<h3 class=\"wp-block-heading\">Suggerimento per il pasto<\/h3>\n\n\n\n<p>Un pasto di ispirazione cinese, come wrap con pollo tagliuzzato e salsa hoisin, noodles con salsa agrodolce, cracker di gamberi e t\u00e8 verde.<\/p>\n\n\n\n<p>Scopri di pi\u00f9 sull&#039;Eric Liddell 100 su <a href=\"http:\/\/ericLiddell.org\/the-eric-Liddell-100\" target=\"_blank\" rel=\"noreferrer noopener\">ericLiddell.org\/the-eric-Liddell-100<\/a>, e-mail <a href=\"mailto:EL100@ericLiddell.org\">EL100@ericLiddell.org<\/a> oppure cerca The Eric Liddell Community sui social media.<\/p>\n\n\n\n<h2 class=\"wp-block-heading\">Videoclip su Eric Liddell<\/h2>\n\n\n\n<p>Puoi utilizzare il film completo Chariots of Fire (il film completo pu\u00f2 essere noleggiato su Amazon Prime o guardato su Disney+) o questi brevi clip in moltissimi modi.<\/p>\n\n\n\n<p>Clip da Carri di fuoco:<\/p>\n\n\n\n<ul class=\"wp-block-list\">\n<li>Un discorso di Eric Liddell \u2013 <a href=\"http:\/\/youtu.be\/w57Atv9GyNY\" target=\"_blank\" rel=\"noreferrer noopener\">youtu.be\/w57Atv9GyNY<\/a><\/li>\n\n\n\n<li>Non correr\u00f2 di sabato \u2013 <a href=\"http:\/\/youtu.be\/usIpld3BZWw\" target=\"_blank\" rel=\"noreferrer noopener\">youtu.be\/usIpld3BZWw<\/a><\/li>\n\n\n\n<li>Chi onora Dio \u2013 <a href=\"http:\/\/youtu.be\/uwyltmUR3MU\" target=\"_blank\" rel=\"noreferrer noopener\">youtu.be\/uwyltmUR3MU<\/a><\/li>\n\n\n\n<li>Da dove viene il potere \u2013 <a href=\"http:\/\/youtu.be\/kbgR-pOIFbE\" target=\"_blank\" rel=\"noreferrer noopener\">youtu.be\/kbgR-pOIFbE<\/a><\/li>\n<\/ul>\n\n\n\n<p>Altri videoclip:<\/p>\n\n\n\n<ul class=\"wp-block-list\">\n<li>Lo scozzese volante prende l\u2019oro \u2013 <a href=\"http:\/\/youtu.be\/IYNUxdoIacA\" target=\"_blank\" rel=\"noreferrer noopener\">youtu.be\/IYNUxdoIacA<\/a><\/li>\n\n\n\n<li>La morte di Eric Liddell \u2013 <a href=\"http:\/\/youtu.be\/KL0kzagSQwY\" target=\"_blank\" rel=\"noreferrer noopener\">youtu.be\/KL0kzagSQwY<\/a><\/li>\n\n\n\n<li>Eric Liddell: da olimpionico a missionario martire \u2013 <a href=\"http:\/\/youtu.be\/rZdGZLe-N2U\" target=\"_blank\" rel=\"noreferrer noopener\">youtu.be\/rZdGZLe-N2U<\/a><\/li>\n\n\n\n<li>Eric Liddell: tutta la vita \u00e8 una lezione di corsa \u2013 <a href=\"http:\/\/youtu.be\/r9NclUKgqFs\" target=\"_blank\" rel=\"noreferrer noopener\">youtu.be\/r9NclUKgqFs<\/a><\/li>\n\n\n\n<li>Un riassunto della vita e dell\u2019eredit\u00e0 di Eric Liddell \u2013 <a href=\"http:\/\/ericLiddell.org\/wp-content\/uploads\/2023\/07\/EL100-Promo-Video-small.mp4\" target=\"_blank\" rel=\"noreferrer noopener\">ericLiddell.org\/wp-content\/uploads\/2023\/07\/EL100-Promo-Video-small.mp4<\/a><\/li>\n<\/ul>\n\n\n\n<p>Come ente di beneficenza, facciamo affidamento sulla raccolta fondi e sulle donazioni nei testamenti per fornire Anna Chaplaincy, Living Faith, Messy Church e Parenting for Faith. Siamo stati in grado di fornire questa risorsa gratuitamente grazie alla generosit\u00e0 di altri. Se hai tratto beneficio dal nostro lavoro, aiuta pi\u00f9 persone a fare lo stesso. <a href=\"http:\/\/brf.org.uk\/give +44 (0)1235 462305\" target=\"_blank\" rel=\"noreferrer noopener\">brf.org.uk\/give +44 (0)1235 462305<\/a><\/p>","protected":false},"excerpt":{"rendered":"<p>Riflessione confusa Affinch\u00e9 siate irreprensibili e puri, \u00abfigli di Dio senza biasimo in mezzo a una generazione perversa e storta\u00bb. Allora risplenderete...<\/p>","protected":false},"author":1,"featured_media":599,"parent":0,"menu_order":0,"comment_status":"closed","ping_status":"closed","template":"","meta":{"_acf_changed":false,"_monsterinsights_skip_tracking":false,"_monsterinsights_sitenote_active":false,"_monsterinsights_sitenote_note":"","_monsterinsights_sitenote_category":0,"pgc_sgb_lightbox_settings":"","footnotes":""},"class_list":["post-602","page","type-page","status-publish","has-post-thumbnail","hentry"],"acf":[],"_links":{"self":[{"href":"https:\/\/www.france1million.world\/it\/wp-json\/wp\/v2\/pages\/602","targetHints":{"allow":["GET"]}}],"collection":[{"href":"https:\/\/www.france1million.world\/it\/wp-json\/wp\/v2\/pages"}],"about":[{"href":"https:\/\/www.france1million.world\/it\/wp-json\/wp\/v2\/types\/page"}],"author":[{"embeddable":true,"href":"https:\/\/www.france1million.world\/it\/wp-json\/wp\/v2\/users\/1"}],"replies":[{"embeddable":true,"href":"https:\/\/www.france1million.world\/it\/wp-json\/wp\/v2\/comments?post=602"}],"version-history":[{"count":2,"href":"https:\/\/www.france1million.world\/it\/wp-json\/wp\/v2\/pages\/602\/revisions"}],"predecessor-version":[{"id":606,"href":"https:\/\/www.france1million.world\/it\/wp-json\/wp\/v2\/pages\/602\/revisions\/606"}],"wp:featuredmedia":[{"embeddable":true,"href":"https:\/\/www.france1million.world\/it\/wp-json\/wp\/v2\/media\/599"}],"wp:attachment":[{"href":"https:\/\/www.france1million.world\/it\/wp-json\/wp\/v2\/media?parent=602"}],"curies":[{"name":"wp","href":"https:\/\/api.w.org\/{rel}","templated":true}]}}