{"id":365,"date":"2024-06-26T11:29:59","date_gmt":"2024-06-26T09:29:59","guid":{"rendered":"https:\/\/www.france1million.world\/?page_id=365"},"modified":"2024-07-27T12:45:42","modified_gmt":"2024-07-27T10:45:42","slug":"pray-for-5","status":"publish","type":"page","link":"https:\/\/www.france1million.world\/fr\/pray-for-5\/","title":{"rendered":"Priez pour 5"},"content":{"rendered":"<figure class=\"wp-block-image alignwide size-full\"><img loading=\"lazy\" decoding=\"async\" width=\"1200\" height=\"584\" src=\"https:\/\/www.france1million.world\/wp-content\/uploads\/2024\/06\/BLESS_Card_v1.jpg\" alt=\"\" class=\"wp-image-367\" srcset=\"https:\/\/www.france1million.world\/wp-content\/uploads\/2024\/06\/BLESS_Card_v1.jpg 1200w, https:\/\/www.france1million.world\/wp-content\/uploads\/2024\/06\/BLESS_Card_v1-380x185.jpg 380w, https:\/\/www.france1million.world\/wp-content\/uploads\/2024\/06\/BLESS_Card_v1-768x374.jpg 768w, https:\/\/www.france1million.world\/wp-content\/uploads\/2024\/06\/BLESS_Card_v1-18x9.jpg 18w\" sizes=\"auto, (max-width: 1200px) 100vw, 1200px\" \/><\/figure>\n\n\n\n<h2 class=\"wp-block-heading\">Priez pour 5<\/h2>\n\n\n\n<h3 class=\"wp-block-heading\">Prenez 5 minutes par jour pour prier pour 5 personnes nomm\u00e9es qui ont besoin de J\u00e9sus.<\/h3>\n\n\n\n<h2 class=\"wp-block-heading\">Conseils pour prier<\/h2>\n\n\n\n<ul class=\"wp-block-list\">\n<li>P\u00e8re, attire-les vers ton Fils J\u00e9sus (Jean 6.44).<\/li>\n\n\n\n<li>P\u00e8re, \u00f4te leur aveuglement spirituel pour qu&#039;ils croient \u00e0 l&#039;\u00c9vangile (2 Cor. 4\u00a0:4 ; Actes 16\u00a0:14).<\/li>\n\n\n\n<li>P\u00e8re, donne-leur le don de la repentance pour se d\u00e9tourner de leurs p\u00e9ch\u00e9s (Jean 16\u00a0:8 ; 2 Tim. 2\u00a0:25-26).<\/li>\n\n\n\n<li>P\u00e8re, donne-moi des opportunit\u00e9s et de l&#039;audace pour partager l&#039;\u00c9vangile avec eux (Col. 4\u00a0:3-4 ; Actes 4\u00a0:29-31).<\/li>\n\n\n\n<li>P\u00e8re, s'il te pla\u00eet, sauve-les ainsi que toute leur famille (Actes 16.31)<\/li>\n<\/ul>\n\n\n\n<p>PARTAGEZ J\u00c9SUS AVEC EUX EN VIVANT SA PAROLE L\u00c0 O\u00d9 ILS SONT.<\/p>\n\n\n\n<h2 class=\"wp-block-heading\">Le mode de vie B.L.E.S.S.<\/h2>\n\n\n\n<p>Begin with prayer - Commencez par la pri\u00e8re | Listen to them - \u00c9coutez-les | Eat with them - Mangez avec eux | Serve them - Servez-les | Share Jesus with them - Partagez J\u00e9sus avec eux<\/p>\n\n\n\n<h3 class=\"wp-block-heading\">Carte BLESS gratuite<\/h3>\n\n\n\n<p>T\u00e9l\u00e9chargez et imprimez la gratuitement&nbsp;<strong>Carte BLESS<\/strong>, \u00e9crivez les noms de vos 5 personnes et conservez-la en guise de rappel pour&nbsp;<strong>Priez pour 5<\/strong>&nbsp;chaque jour!<\/p>\n\n\n\n<div class=\"wp-block-buttons is-layout-flex wp-block-buttons-is-layout-flex\">\n<div class=\"wp-block-button\"><a class=\"wp-block-button__link wp-element-button\" href=\"https:\/\/www.france1million.world\/wp-content\/uploads\/2024\/07\/Bless-Card.pdf\" target=\"_blank\" rel=\"noreferrer noopener\">T\u00c9L\u00c9CHARGER LA CARTE DE B\u00c9N\u00c9DICTION<\/a><\/div>\n\n\n\n<div class=\"wp-block-button\"><a class=\"wp-block-button__link wp-element-button\" href=\"https:\/\/www.france1million.world\/fr\/prayer-guide\/\">GUIDE DE PRI\u00c8RE<\/a><\/div>\n<\/div>","protected":false},"excerpt":{"rendered":"<p>Pray for 5 Take 5 minutes a day to Pray for 5 people by name who need Jesus Ways to Pray SHARE JESUS WITH THEM...<\/p>","protected":false},"author":1,"featured_media":264,"parent":0,"menu_order":0,"comment_status":"closed","ping_status":"closed","template":"","meta":{"_acf_changed":false,"_monsterinsights_skip_tracking":false,"_monsterinsights_sitenote_active":false,"_monsterinsights_sitenote_note":"","_monsterinsights_sitenote_category":0,"pgc_sgb_lightbox_settings":"","footnotes":""},"class_list":["post-365","page","type-page","status-publish","has-post-thumbnail","hentry"],"acf":[],"_links":{"self":[{"href":"https:\/\/www.france1million.world\/fr\/wp-json\/wp\/v2\/pages\/365","targetHints":{"allow":["GET"]}}],"collection":[{"href":"https:\/\/www.france1million.world\/fr\/wp-json\/wp\/v2\/pages"}],"about":[{"href":"https:\/\/www.france1million.world\/fr\/wp-json\/wp\/v2\/types\/page"}],"author":[{"embeddable":true,"href":"https:\/\/www.france1million.world\/fr\/wp-json\/wp\/v2\/users\/1"}],"replies":[{"embeddable":true,"href":"https:\/\/www.france1million.world\/fr\/wp-json\/wp\/v2\/comments?post=365"}],"version-history":[{"count":4,"href":"https:\/\/www.france1million.world\/fr\/wp-json\/wp\/v2\/pages\/365\/revisions"}],"predecessor-version":[{"id":1089,"href":"https:\/\/www.france1million.world\/fr\/wp-json\/wp\/v2\/pages\/365\/revisions\/1089"}],"wp:featuredmedia":[{"embeddable":true,"href":"https:\/\/www.france1million.world\/fr\/wp-json\/wp\/v2\/media\/264"}],"wp:attachment":[{"href":"https:\/\/www.france1million.world\/fr\/wp-json\/wp\/v2\/media?parent=365"}],"curies":[{"name":"wp","href":"https:\/\/api.w.org\/{rel}","templated":true}]}}