{"id":502,"date":"2024-07-05T10:05:38","date_gmt":"2024-07-05T08:05:38","guid":{"rendered":"https:\/\/www.france1million.world\/?page_id=502"},"modified":"2024-07-05T10:10:38","modified_gmt":"2024-07-05T08:10:38","slug":"short-prayer","status":"publish","type":"page","link":"https:\/\/www.france1million.world\/fi\/short-prayer\/","title":{"rendered":"Lyhyt rukous"},"content":{"rendered":"<h2 class=\"wp-block-heading has-text-align-left\">Yhdess\u00e4 rukoileminen - Rukous Pariisin kisojen puolesta<\/h2>\n\n\n\n<p>Pariisin kisojen yhteydess\u00e4 t\u00e4t\u00e4 rukousta ehdotti Ranskan kristillisten kirkkojen neuvosto (CECEF) toivoen, ett\u00e4 jokainen voisi ottaa sen omakseen.<\/p>\n\n\n\n<p>Is\u00e4, todellisen ilon l\u00e4hde, Pojassasi Jeesuksessa Kristuksessa olet kutsunut kaikki kansat muodostamaan a<br>ylist\u00e4vi\u00e4 ihmisi\u00e4 juhlimaan sinua. Johdataan kisa loppuun asti.<\/p>\n\n\n\n<p>Jumala, joka on Jumala, katso nyt Ranskaan, joka is\u00e4nn\u00f6i olympialaisia ja paralympialaisia<br>Pelit. Suo, ett\u00e4 he voivat j\u00e4rjest\u00e4\u00e4 t\u00e4m\u00e4n tapahtuman ilossa, rauhassa ja veljeydess\u00e4\u00e4n.<\/p>\n\n\n\n<p>Vuodata Pyh\u00e4 Henkesi kaikkien p\u00e4\u00e4lle, jotka ty\u00f6skentelev\u00e4t pelien toteuttamisen puolesta<br>ihmiset, jotka tulevat maan nelj\u00e4st\u00e4 kulmasta ja urheilijoista.<\/p>\n\n\n\n<p>Anna heille hyve, jota tarvitaan, jotta he voivat antaa parhaansa itsest\u00e4\u00e4n. Saako urheilijat saada tukea \u2013 ilon ja koettelemusten, onnistumisten ja ep\u00e4onnistumisten aikoina \u2013 l\u00e4heisilt\u00e4, valmentajilta ja rukouksiltamme.<\/p>\n\n\n\n<p>Auta ranskalaisia, Herra, kun he toivottavat tervetulleeksi kaikki, jotka ovat tulleet kaikkialta maailmasta.<\/p>\n\n\n\n<p>Yhdistetty yhteisess\u00e4 intohimossa urheiluun olympialaisten mottona<br>&quot;nopeampi, korkeampi, vahvempi - yhdess\u00e4&quot;, anna heid\u00e4n yhdess\u00e4 v\u00e4litt\u00e4\u00e4 rakkautesi jokaista ihmist\u00e4 kohtaan.<\/p>\n\n\n\n<p>Jeesuksen nimess\u00e4 rukoilemme,<br>Aamen<\/p>","protected":false},"excerpt":{"rendered":"<p>Praying Together - A Prayer for the Games of Paris On the occasion of the Paris Games, this prayer was proposed by the Council of...<\/p>","protected":false},"author":1,"featured_media":504,"parent":0,"menu_order":0,"comment_status":"closed","ping_status":"closed","template":"","meta":{"_acf_changed":false,"_monsterinsights_skip_tracking":false,"_monsterinsights_sitenote_active":false,"_monsterinsights_sitenote_note":"","_monsterinsights_sitenote_category":0,"pgc_sgb_lightbox_settings":"","footnotes":""},"class_list":["post-502","page","type-page","status-publish","has-post-thumbnail","hentry"],"acf":[],"_links":{"self":[{"href":"https:\/\/www.france1million.world\/fi\/wp-json\/wp\/v2\/pages\/502","targetHints":{"allow":["GET"]}}],"collection":[{"href":"https:\/\/www.france1million.world\/fi\/wp-json\/wp\/v2\/pages"}],"about":[{"href":"https:\/\/www.france1million.world\/fi\/wp-json\/wp\/v2\/types\/page"}],"author":[{"embeddable":true,"href":"https:\/\/www.france1million.world\/fi\/wp-json\/wp\/v2\/users\/1"}],"replies":[{"embeddable":true,"href":"https:\/\/www.france1million.world\/fi\/wp-json\/wp\/v2\/comments?post=502"}],"version-history":[{"count":3,"href":"https:\/\/www.france1million.world\/fi\/wp-json\/wp\/v2\/pages\/502\/revisions"}],"predecessor-version":[{"id":506,"href":"https:\/\/www.france1million.world\/fi\/wp-json\/wp\/v2\/pages\/502\/revisions\/506"}],"wp:featuredmedia":[{"embeddable":true,"href":"https:\/\/www.france1million.world\/fi\/wp-json\/wp\/v2\/media\/504"}],"wp:attachment":[{"href":"https:\/\/www.france1million.world\/fi\/wp-json\/wp\/v2\/media?parent=502"}],"curies":[{"name":"wp","href":"https:\/\/api.w.org\/{rel}","templated":true}]}}