{"id":478,"date":"2024-07-05T09:27:45","date_gmt":"2024-07-05T07:27:45","guid":{"rendered":"https:\/\/www.france1million.world\/?page_id=478"},"modified":"2024-07-27T13:08:35","modified_gmt":"2024-07-27T11:08:35","slug":"pray","status":"publish","type":"page","link":"https:\/\/www.france1million.world\/fi\/pray\/","title":{"rendered":"Rukoilla"},"content":{"rendered":"<h3 class=\"wp-block-heading has-text-align-center\">Kiitos, ett\u00e4 rukoilet Ranskan puolesta!<\/h3>\n\n\n\n<p class=\"has-text-align-center\"><strong>T\u00e4ss\u00e4 on 7 j\u00e4nnitt\u00e4v\u00e4\u00e4 tapaa, joilla voit olla yhteydess\u00e4 muihin ja saada tietoa rukoillessasi\u2026<\/strong><\/p>\n\n\n\n<figure class=\"wp-block-image size-full\"><img loading=\"lazy\" decoding=\"async\" width=\"1200\" height=\"416\" src=\"https:\/\/www.france1million.world\/wp-content\/uploads\/2024\/07\/Pray-Header-01.jpg\" alt=\"\" class=\"wp-image-492\" srcset=\"https:\/\/www.france1million.world\/wp-content\/uploads\/2024\/07\/Pray-Header-01.jpg 1200w, https:\/\/www.france1million.world\/wp-content\/uploads\/2024\/07\/Pray-Header-01-380x132.jpg 380w, https:\/\/www.france1million.world\/wp-content\/uploads\/2024\/07\/Pray-Header-01-768x266.jpg 768w, https:\/\/www.france1million.world\/wp-content\/uploads\/2024\/07\/Pray-Header-01-18x6.jpg 18w\" sizes=\"auto, (max-width: 1200px) 100vw, 1200px\" \/><\/figure>\n\n\n\n<h2 class=\"wp-block-heading\">1. Love France - 50 p\u00e4iv\u00e4n rukousopas<\/h2>\n\n\n\n<p>50 p\u00e4iv\u00e4n ajan maanantaista 22. hein\u00e4kuuta maanantaihin 9. p\u00e4iv\u00e4\u00e4n Julkaisemme p\u00e4ivitt\u00e4isen rukousoppaan 33 kielell\u00e4 osoitteessa www.france1million.world.<\/p>\n\n\n\n<p>Oppaassa, jonka ovat kirjoittaneet yst\u00e4v\u00e4mme Impact Francessa, on p\u00e4ivitt\u00e4inen teema ja pyhien kirjoitusten kohta sek\u00e4 keskittyy Ranskaan ja kisoihin rukousosoittimilla jokaisessa.<\/p>\n\n\n\n<figure class=\"wp-block-image size-full\"><img loading=\"lazy\" decoding=\"async\" width=\"1200\" height=\"416\" src=\"https:\/\/www.france1million.world\/wp-content\/uploads\/2024\/07\/Pray-Header-02.jpg\" alt=\"\" class=\"wp-image-491\" srcset=\"https:\/\/www.france1million.world\/wp-content\/uploads\/2024\/07\/Pray-Header-02.jpg 1200w, https:\/\/www.france1million.world\/wp-content\/uploads\/2024\/07\/Pray-Header-02-380x132.jpg 380w, https:\/\/www.france1million.world\/wp-content\/uploads\/2024\/07\/Pray-Header-02-768x266.jpg 768w, https:\/\/www.france1million.world\/wp-content\/uploads\/2024\/07\/Pray-Header-02-18x6.jpg 18w\" sizes=\"auto, (max-width: 1200px) 100vw, 1200px\" \/><\/figure>\n\n\n\n<h2 class=\"wp-block-heading\">2. Interseed HOP<\/h2>\n\n\n\n<p>Liity meihin Interseed HOP -verkkosovelluksessa, jossa rukoilemme ja jaamme ajatuksia p\u00e4ivitt\u00e4isist\u00e4 rukousoppaan teemoista.<\/p>\n\n\n\n<p>Rukoustalot ymp\u00e4ri Pariisia j\u00e4rjest\u00e4v\u00e4t 24-7 rukouksia pelien aikana ja jakavat lis\u00e4sanoja, pyhi\u00e4 kirjoituksia ja kuvia joka p\u00e4iv\u00e4 Interseed-sovelluksen kautta.<\/p>\n\n\n\n<p>Interseed on saatavilla Android- ja iOS-alustoilla.<\/p>\n\n\n\n<figure class=\"wp-block-image size-full\"><img loading=\"lazy\" decoding=\"async\" width=\"1200\" height=\"416\" src=\"https:\/\/www.france1million.world\/wp-content\/uploads\/2024\/07\/Pray-Header-03.jpg\" alt=\"\" class=\"wp-image-497\" srcset=\"https:\/\/www.france1million.world\/wp-content\/uploads\/2024\/07\/Pray-Header-03.jpg 1200w, https:\/\/www.france1million.world\/wp-content\/uploads\/2024\/07\/Pray-Header-03-380x132.jpg 380w, https:\/\/www.france1million.world\/wp-content\/uploads\/2024\/07\/Pray-Header-03-768x266.jpg 768w, https:\/\/www.france1million.world\/wp-content\/uploads\/2024\/07\/Pray-Header-03-18x6.jpg 18w\" sizes=\"auto, (max-width: 1200px) 100vw, 1200px\" \/><\/figure>\n\n\n\n<h2 class=\"wp-block-heading\">3. Global Family 24-7 Prayer Room<\/h2>\n\n\n\n<p>Global Family 24-7 Prayer Room on verkossa jatkuva rukouskokous IPC:n sateenvarjon alla, joka on rukoillut ymp\u00e4ri valtaistuinta, ymp\u00e4ri maailmaa ja ymp\u00e4ri vuorokauden l\u00e4hes nelj\u00e4 vuotta!<\/p>\n\n\n\n<p>168 is\u00e4nti\u00e4 johtaa tuntikohtaisia istuntoja l\u00e4pi viikon 14 eri kielell\u00e4<\/p>\n\n\n\n<p>Joka tunti on omistettu aikaa rukoilla Ranskan ja pelien puolesta. Rekister\u00f6idy ilmaiseksi t\u00e4h\u00e4n <strong><a href=\"https:\/\/mailchi.mp\/globalfamily24-7prayer\/register\" target=\"_blank\" rel=\"noreferrer noopener\">linkki<\/a><\/strong>.<\/p>\n\n\n\n<figure class=\"wp-block-image size-full\"><img loading=\"lazy\" decoding=\"async\" width=\"1200\" height=\"416\" src=\"https:\/\/www.france1million.world\/wp-content\/uploads\/2024\/07\/Pray-Header-04.jpg\" alt=\"\" class=\"wp-image-496\" srcset=\"https:\/\/www.france1million.world\/wp-content\/uploads\/2024\/07\/Pray-Header-04.jpg 1200w, https:\/\/www.france1million.world\/wp-content\/uploads\/2024\/07\/Pray-Header-04-380x132.jpg 380w, https:\/\/www.france1million.world\/wp-content\/uploads\/2024\/07\/Pray-Header-04-768x266.jpg 768w, https:\/\/www.france1million.world\/wp-content\/uploads\/2024\/07\/Pray-Header-04-18x6.jpg 18w\" sizes=\"auto, (max-width: 1200px) 100vw, 1200px\" \/><\/figure>\n\n\n\n<h2 class=\"wp-block-heading\">4. Virtuaalinen Pariisin rukousk\u00e4vely<\/h2>\n\n\n\n<p>Liity virtuaaliselle rukousk\u00e4velylle Pariisin Reginassa! IPC on yhteisty\u00f6ss\u00e4 Pray for Parisin yst\u00e4viemme kanssa tuottanut online-rukousk\u00e4velyn, jossa on Google Street View -linkit jokaiselle reittipisteelle.<\/p>\n\n\n\n<p>Klikkaa t\u00e4st\u00e4 rukousk\u00e4velylle!<\/p>\n\n\n\n<figure class=\"wp-block-image size-full\"><img loading=\"lazy\" decoding=\"async\" width=\"1200\" height=\"416\" src=\"https:\/\/www.france1million.world\/wp-content\/uploads\/2024\/07\/Pray-Header-05.jpg\" alt=\"\" class=\"wp-image-495\" srcset=\"https:\/\/www.france1million.world\/wp-content\/uploads\/2024\/07\/Pray-Header-05.jpg 1200w, https:\/\/www.france1million.world\/wp-content\/uploads\/2024\/07\/Pray-Header-05-380x132.jpg 380w, https:\/\/www.france1million.world\/wp-content\/uploads\/2024\/07\/Pray-Header-05-768x266.jpg 768w, https:\/\/www.france1million.world\/wp-content\/uploads\/2024\/07\/Pray-Header-05-18x6.jpg 18w\" sizes=\"auto, (max-width: 1200px) 100vw, 1200px\" \/><\/figure>\n\n\n\n<h2 class=\"wp-block-heading\">5. Pariisi 110 kaupungissa<\/h2>\n\n\n\n<p>L\u00e4hetysty\u00f6toimistot ovat m\u00e4\u00e4ritelleet Pariisin yhdeksi 110 maailmankaupungista, joissa on merkitt\u00e4vi\u00e4 tavoittamattomia kansanryhmi\u00e4, jotka ovat kypsi\u00e4 evankeliumille.<\/p>\n\n\n\n<p>N\u00e4ill\u00e4 ihmisryhmill\u00e4 on nyt p\u00e4\u00e4sy Raamattuun \u00e4idinkielell\u00e4\u00e4n, Jeesus-elokuva saatavilla, rukousk\u00e4vely tapahtuu ja kirkkojen perustajat ovat valmiita jakamaan Jeesuksen heid\u00e4n kanssaan. He tarvitsevat vain rukoushuoneen peitt\u00e4m\u00e4\u00e4n heid\u00e4t!<\/p>\n\n\n\n<p>Rukoile t\u00e4\u00e4ll\u00e4 saavuttamattomien Pariisin ihmisten puolesta<\/p>\n\n\n\n<figure class=\"wp-block-image size-full\"><img loading=\"lazy\" decoding=\"async\" width=\"1200\" height=\"416\" src=\"https:\/\/www.france1million.world\/wp-content\/uploads\/2024\/07\/Pray-Header-06.jpg\" alt=\"\" class=\"wp-image-494\" srcset=\"https:\/\/www.france1million.world\/wp-content\/uploads\/2024\/07\/Pray-Header-06.jpg 1200w, https:\/\/www.france1million.world\/wp-content\/uploads\/2024\/07\/Pray-Header-06-380x132.jpg 380w, https:\/\/www.france1million.world\/wp-content\/uploads\/2024\/07\/Pray-Header-06-768x266.jpg 768w, https:\/\/www.france1million.world\/wp-content\/uploads\/2024\/07\/Pray-Header-06-18x6.jpg 18w\" sizes=\"auto, (max-width: 1200px) 100vw, 1200px\" \/><\/figure>\n\n\n\n<h2 class=\"wp-block-heading\">6. Ranska operaatiomaailmassa<\/h2>\n\n\n\n<p>L\u00f6yd\u00e4 yksityiskohtaista tietoa Ranskasta sek\u00e4 operaatiomaailmasta l\u00e4hetyskohtaisia rukousosoittimia ja karttoja.<\/p>\n\n\n\n<figure class=\"wp-block-image size-full\"><img loading=\"lazy\" decoding=\"async\" width=\"1200\" height=\"416\" src=\"https:\/\/www.france1million.world\/wp-content\/uploads\/2024\/07\/Pray-Header-07.jpg\" alt=\"\" class=\"wp-image-493\" srcset=\"https:\/\/www.france1million.world\/wp-content\/uploads\/2024\/07\/Pray-Header-07.jpg 1200w, https:\/\/www.france1million.world\/wp-content\/uploads\/2024\/07\/Pray-Header-07-380x132.jpg 380w, https:\/\/www.france1million.world\/wp-content\/uploads\/2024\/07\/Pray-Header-07-768x266.jpg 768w, https:\/\/www.france1million.world\/wp-content\/uploads\/2024\/07\/Pray-Header-07-18x6.jpg 18w\" sizes=\"auto, (max-width: 1200px) 100vw, 1200px\" \/><\/figure>\n\n\n\n<h2 class=\"wp-block-heading\">7. Seuraa meit\u00e4 sosiaalisessa mediassa<\/h2>\n\n\n\n<p>IPC:n mediatiimi tekee yhteisty\u00f6t\u00e4 Ensemble 2024:n kanssa tuottaakseen s\u00e4\u00e4nn\u00f6llisi\u00e4 videotiedotteita ja mediapostauksia t\u00e4rkeimmist\u00e4 peleist\u00e4 ja parapeleist\u00e4.<\/p>\n\n\n\n<p>Videotiedotteet sis\u00e4lt\u00e4v\u00e4t viimeisint\u00e4 tietoa, todistuksia, vastattuja rukouksia, haastatteluja ja rukouksia Ranskasta.<\/p>\n\n\n\n<p>Muistaa! Jokainen napsautus sanoaksesi &quot;rukoilin&quot; menee maailmanlaajuisen kirkon 1 miljoonan rukouksen lahjaksi Ranskalle!<\/p>","protected":false},"excerpt":{"rendered":"<p>Thank you for praying for France! Here are 7 exciting ways that you can connect with others and be informed as you pray\u2026 1. Love...<\/p>","protected":false},"author":1,"featured_media":276,"parent":0,"menu_order":0,"comment_status":"closed","ping_status":"closed","template":"","meta":{"_acf_changed":false,"_monsterinsights_skip_tracking":false,"_monsterinsights_sitenote_active":false,"_monsterinsights_sitenote_note":"","_monsterinsights_sitenote_category":0,"pgc_sgb_lightbox_settings":"","footnotes":""},"class_list":["post-478","page","type-page","status-publish","has-post-thumbnail","hentry"],"acf":[],"_links":{"self":[{"href":"https:\/\/www.france1million.world\/fi\/wp-json\/wp\/v2\/pages\/478","targetHints":{"allow":["GET"]}}],"collection":[{"href":"https:\/\/www.france1million.world\/fi\/wp-json\/wp\/v2\/pages"}],"about":[{"href":"https:\/\/www.france1million.world\/fi\/wp-json\/wp\/v2\/types\/page"}],"author":[{"embeddable":true,"href":"https:\/\/www.france1million.world\/fi\/wp-json\/wp\/v2\/users\/1"}],"replies":[{"embeddable":true,"href":"https:\/\/www.france1million.world\/fi\/wp-json\/wp\/v2\/comments?post=478"}],"version-history":[{"count":7,"href":"https:\/\/www.france1million.world\/fi\/wp-json\/wp\/v2\/pages\/478\/revisions"}],"predecessor-version":[{"id":1099,"href":"https:\/\/www.france1million.world\/fi\/wp-json\/wp\/v2\/pages\/478\/revisions\/1099"}],"wp:featuredmedia":[{"embeddable":true,"href":"https:\/\/www.france1million.world\/fi\/wp-json\/wp\/v2\/media\/276"}],"wp:attachment":[{"href":"https:\/\/www.france1million.world\/fi\/wp-json\/wp\/v2\/media?parent=478"}],"curies":[{"name":"wp","href":"https:\/\/api.w.org\/{rel}","templated":true}]}}