{"id":365,"date":"2024-06-26T11:29:59","date_gmt":"2024-06-26T09:29:59","guid":{"rendered":"https:\/\/www.france1million.world\/?page_id=365"},"modified":"2024-07-27T12:45:42","modified_gmt":"2024-07-27T10:45:42","slug":"pray-for-5","status":"publish","type":"page","link":"https:\/\/www.france1million.world\/fi\/pray-for-5\/","title":{"rendered":"Rukoile 5"},"content":{"rendered":"<figure class=\"wp-block-image alignwide size-full\"><img loading=\"lazy\" decoding=\"async\" width=\"1200\" height=\"584\" src=\"https:\/\/www.france1million.world\/wp-content\/uploads\/2024\/06\/BLESS_Card_v1.jpg\" alt=\"\" class=\"wp-image-367\" srcset=\"https:\/\/www.france1million.world\/wp-content\/uploads\/2024\/06\/BLESS_Card_v1.jpg 1200w, https:\/\/www.france1million.world\/wp-content\/uploads\/2024\/06\/BLESS_Card_v1-380x185.jpg 380w, https:\/\/www.france1million.world\/wp-content\/uploads\/2024\/06\/BLESS_Card_v1-768x374.jpg 768w, https:\/\/www.france1million.world\/wp-content\/uploads\/2024\/06\/BLESS_Card_v1-18x9.jpg 18w\" sizes=\"auto, (max-width: 1200px) 100vw, 1200px\" \/><\/figure>\n\n\n\n<h2 class=\"wp-block-heading\">Rukoile 5<\/h2>\n\n\n\n<h3 class=\"wp-block-heading\">K\u00e4yt\u00e4 5 minuuttia p\u00e4iv\u00e4ss\u00e4 rukoilemaan viiden nimen puolesta, jotka tarvitsevat Jeesusta<\/h3>\n\n\n\n<h2 class=\"wp-block-heading\">Tapoja rukoilla<\/h2>\n\n\n\n<ul class=\"wp-block-list\">\n<li>Is\u00e4, ved\u00e4 heid\u00e4t Poikasi Jeesuksen luo (Joh. 6:44).<\/li>\n\n\n\n<li>Is\u00e4, poista heid\u00e4n hengellinen sokeutensa, jotta he uskovat evankeliumin (2. Kor. 4:4; Ap. t. 16:14).<\/li>\n\n\n\n<li>Is\u00e4, anna heille parannuksen lahja k\u00e4\u00e4nty\u00e4 synneist\u00e4\u00e4n (Joh. 16:8; 2. Tim. 2:25-26).<\/li>\n\n\n\n<li>Is\u00e4, anna minulle tilaisuuksia ja rohkeutta kertoa heille evankeliumi (Kol. 4:3-4; Apt. 4:29-31).<\/li>\n\n\n\n<li>Is\u00e4, pelasta heid\u00e4t ja heid\u00e4n koko perheens\u00e4 (Apostolien teot 16:31)<\/li>\n<\/ul>\n\n\n\n<p>JAA JEESUS HEIDEN KANSSA EL\u00c4M\u00c4LL\u00c4<\/p>\n\n\n\n<h2 class=\"wp-block-heading\">The BLESS Lifestyle<\/h2>\n\n\n\n<p>Aloita rukouksella | Kuuntele niit\u00e4 | Sy\u00f6 heid\u00e4n kanssaan | Palvele heit\u00e4 | Jaa Jeesus heid\u00e4n kanssaan<\/p>\n\n\n\n<h3 class=\"wp-block-heading\">Ilmainen BLESS-kortti<\/h3>\n\n\n\n<p>Lataa ja tulosta ilmainen&nbsp;<strong>BLESS-kortti<\/strong>, kirjoita viiden henkil\u00f6n nimet ja s\u00e4ilyt\u00e4 se muistutuksena&nbsp;<strong>Rukoile 5<\/strong>&nbsp;joka p\u00e4iv\u00e4!<\/p>\n\n\n\n<div class=\"wp-block-buttons is-layout-flex wp-block-buttons-is-layout-flex\">\n<div class=\"wp-block-button\"><a class=\"wp-block-button__link wp-element-button\" href=\"https:\/\/www.france1million.world\/wp-content\/uploads\/2024\/07\/Bless-Card.pdf\" target=\"_blank\" rel=\"noreferrer noopener\">LATAA BLESS-KORTTI<\/a><\/div>\n\n\n\n<div class=\"wp-block-button\"><a class=\"wp-block-button__link wp-element-button\" href=\"https:\/\/www.france1million.world\/fi\/prayer-guide\/\">RUKOUSOPAS<\/a><\/div>\n<\/div>","protected":false},"excerpt":{"rendered":"<p>Pray for 5 Take 5 minutes a day to Pray for 5 people by name who need Jesus Ways to Pray SHARE JESUS WITH THEM...<\/p>","protected":false},"author":1,"featured_media":264,"parent":0,"menu_order":0,"comment_status":"closed","ping_status":"closed","template":"","meta":{"_acf_changed":false,"_monsterinsights_skip_tracking":false,"_monsterinsights_sitenote_active":false,"_monsterinsights_sitenote_note":"","_monsterinsights_sitenote_category":0,"pgc_sgb_lightbox_settings":"","footnotes":""},"class_list":["post-365","page","type-page","status-publish","has-post-thumbnail","hentry"],"acf":[],"_links":{"self":[{"href":"https:\/\/www.france1million.world\/fi\/wp-json\/wp\/v2\/pages\/365","targetHints":{"allow":["GET"]}}],"collection":[{"href":"https:\/\/www.france1million.world\/fi\/wp-json\/wp\/v2\/pages"}],"about":[{"href":"https:\/\/www.france1million.world\/fi\/wp-json\/wp\/v2\/types\/page"}],"author":[{"embeddable":true,"href":"https:\/\/www.france1million.world\/fi\/wp-json\/wp\/v2\/users\/1"}],"replies":[{"embeddable":true,"href":"https:\/\/www.france1million.world\/fi\/wp-json\/wp\/v2\/comments?post=365"}],"version-history":[{"count":4,"href":"https:\/\/www.france1million.world\/fi\/wp-json\/wp\/v2\/pages\/365\/revisions"}],"predecessor-version":[{"id":1089,"href":"https:\/\/www.france1million.world\/fi\/wp-json\/wp\/v2\/pages\/365\/revisions\/1089"}],"wp:featuredmedia":[{"embeddable":true,"href":"https:\/\/www.france1million.world\/fi\/wp-json\/wp\/v2\/media\/264"}],"wp:attachment":[{"href":"https:\/\/www.france1million.world\/fi\/wp-json\/wp\/v2\/media?parent=365"}],"curies":[{"name":"wp","href":"https:\/\/api.w.org\/{rel}","templated":true}]}}