{"id":478,"date":"2024-07-05T09:27:45","date_gmt":"2024-07-05T07:27:45","guid":{"rendered":"https:\/\/www.france1million.world\/?page_id=478"},"modified":"2024-07-27T13:08:35","modified_gmt":"2024-07-27T11:08:35","slug":"pray","status":"publish","type":"page","link":"https:\/\/www.france1million.world\/es\/pray\/","title":{"rendered":"Orar"},"content":{"rendered":"<h3 class=\"wp-block-heading has-text-align-center\">\u00a1Gracias por orar por Francia!<\/h3>\n\n\n\n<p class=\"has-text-align-center\"><strong>Aqu\u00ed hay 7 maneras interesantes en las que puedes conectarte con otros y estar informado mientras oras...<\/strong><\/p>\n\n\n\n<figure class=\"wp-block-image size-full\"><img loading=\"lazy\" decoding=\"async\" width=\"1200\" height=\"416\" src=\"https:\/\/www.france1million.world\/wp-content\/uploads\/2024\/07\/Pray-Header-01.jpg\" alt=\"\" class=\"wp-image-492\" srcset=\"https:\/\/www.france1million.world\/wp-content\/uploads\/2024\/07\/Pray-Header-01.jpg 1200w, https:\/\/www.france1million.world\/wp-content\/uploads\/2024\/07\/Pray-Header-01-380x132.jpg 380w, https:\/\/www.france1million.world\/wp-content\/uploads\/2024\/07\/Pray-Header-01-768x266.jpg 768w, https:\/\/www.france1million.world\/wp-content\/uploads\/2024\/07\/Pray-Header-01-18x6.jpg 18w\" sizes=\"auto, (max-width: 1200px) 100vw, 1200px\" \/><\/figure>\n\n\n\n<h2 class=\"wp-block-heading\">1. Ama a Francia - Gu\u00eda de oraci\u00f3n de 50 d\u00edas<\/h2>\n\n\n\n<p>Durante 50 d\u00edas, desde el lunes 22 de julio hasta el lunes 9, publicaremos una gu\u00eda de oraci\u00f3n diaria en 33 idiomas en www.france1million.world.<\/p>\n\n\n\n<p>La gu\u00eda, que ha sido escrita por nuestros amigos de Impact France, presenta un tema diario y escrituras, adem\u00e1s se enfoca en Francia y los Juegos con sugerencias de oraci\u00f3n para cada uno.<\/p>\n\n\n\n<figure class=\"wp-block-image size-full\"><img loading=\"lazy\" decoding=\"async\" width=\"1200\" height=\"416\" src=\"https:\/\/www.france1million.world\/wp-content\/uploads\/2024\/07\/Pray-Header-02.jpg\" alt=\"\" class=\"wp-image-491\" srcset=\"https:\/\/www.france1million.world\/wp-content\/uploads\/2024\/07\/Pray-Header-02.jpg 1200w, https:\/\/www.france1million.world\/wp-content\/uploads\/2024\/07\/Pray-Header-02-380x132.jpg 380w, https:\/\/www.france1million.world\/wp-content\/uploads\/2024\/07\/Pray-Header-02-768x266.jpg 768w, https:\/\/www.france1million.world\/wp-content\/uploads\/2024\/07\/Pray-Header-02-18x6.jpg 18w\" sizes=\"auto, (max-width: 1200px) 100vw, 1200px\" \/><\/figure>\n\n\n\n<h2 class=\"wp-block-heading\">2. HOP entre semillas<\/h2>\n\n\n\n<p>\u00danase a nosotros en la aplicaci\u00f3n en l\u00ednea Interseed HOP donde oraremos y compartiremos pensamientos sobre los temas de la gu\u00eda de oraci\u00f3n diaria.<\/p>\n\n\n\n<p>Las Casas de Oraci\u00f3n de Par\u00eds est\u00e1n organizando oraciones las 24 horas del d\u00eda, los 7 d\u00edas de la semana durante los juegos y compartir\u00e1n palabras, escrituras e im\u00e1genes adicionales recibidas cada d\u00eda a trav\u00e9s de la aplicaci\u00f3n Interseed.<\/p>\n\n\n\n<p>Interseed est\u00e1 disponible en las plataformas Android e iOS.<\/p>\n\n\n\n<figure class=\"wp-block-image size-full\"><img loading=\"lazy\" decoding=\"async\" width=\"1200\" height=\"416\" src=\"https:\/\/www.france1million.world\/wp-content\/uploads\/2024\/07\/Pray-Header-03.jpg\" alt=\"\" class=\"wp-image-497\" srcset=\"https:\/\/www.france1million.world\/wp-content\/uploads\/2024\/07\/Pray-Header-03.jpg 1200w, https:\/\/www.france1million.world\/wp-content\/uploads\/2024\/07\/Pray-Header-03-380x132.jpg 380w, https:\/\/www.france1million.world\/wp-content\/uploads\/2024\/07\/Pray-Header-03-768x266.jpg 768w, https:\/\/www.france1million.world\/wp-content\/uploads\/2024\/07\/Pray-Header-03-18x6.jpg 18w\" sizes=\"auto, (max-width: 1200px) 100vw, 1200px\" \/><\/figure>\n\n\n\n<h2 class=\"wp-block-heading\">3. Sala de oraci\u00f3n familiar global 24 horas al d\u00eda, 7 d\u00edas a la semana<\/h2>\n\n\n\n<p>La Sala de Oraci\u00f3n de la Familia Global 24 horas al d\u00eda, 7 d\u00edas a la semana es una reuni\u00f3n de oraci\u00f3n continua en l\u00ednea bajo el paraguas del IPC que ha estado orando alrededor del trono, en todo el mundo y las 24 horas del d\u00eda durante casi cuatro a\u00f1os.<\/p>\n\n\n\n<p>168 anfitriones dirigen sesiones cada hora durante la semana en 14 idiomas diferentes<\/p>\n\n\n\n<p>Cada hora se dedica tiempo a rezar por Francia y los Juegos. Reg\u00edstrate gratis en este <strong><a href=\"https:\/\/mailchi.mp\/globalfamily24-7prayer\/register\" target=\"_blank\" rel=\"noreferrer noopener\">enlace<\/a><\/strong>.<\/p>\n\n\n\n<figure class=\"wp-block-image size-full\"><img loading=\"lazy\" decoding=\"async\" width=\"1200\" height=\"416\" src=\"https:\/\/www.france1million.world\/wp-content\/uploads\/2024\/07\/Pray-Header-04.jpg\" alt=\"\" class=\"wp-image-496\" srcset=\"https:\/\/www.france1million.world\/wp-content\/uploads\/2024\/07\/Pray-Header-04.jpg 1200w, https:\/\/www.france1million.world\/wp-content\/uploads\/2024\/07\/Pray-Header-04-380x132.jpg 380w, https:\/\/www.france1million.world\/wp-content\/uploads\/2024\/07\/Pray-Header-04-768x266.jpg 768w, https:\/\/www.france1million.world\/wp-content\/uploads\/2024\/07\/Pray-Header-04-18x6.jpg 18w\" sizes=\"auto, (max-width: 1200px) 100vw, 1200px\" \/><\/figure>\n\n\n\n<h2 class=\"wp-block-heading\">4. Caminata virtual de oraci\u00f3n por Par\u00eds<\/h2>\n\n\n\n<p>\u00a1\u00danase a una caminata de oraci\u00f3n virtual por la Regina de Par\u00eds! El IPC, en asociaci\u00f3n con nuestros amigos de Pray for Paris, ha producido una caminata de oraci\u00f3n en l\u00ednea con enlaces de Google Street View para cada punto de referencia.<\/p>\n\n\n\n<p>\u00a1Haga clic aqu\u00ed para la caminata de oraci\u00f3n!<\/p>\n\n\n\n<figure class=\"wp-block-image size-full\"><img loading=\"lazy\" decoding=\"async\" width=\"1200\" height=\"416\" src=\"https:\/\/www.france1million.world\/wp-content\/uploads\/2024\/07\/Pray-Header-05.jpg\" alt=\"\" class=\"wp-image-495\" srcset=\"https:\/\/www.france1million.world\/wp-content\/uploads\/2024\/07\/Pray-Header-05.jpg 1200w, https:\/\/www.france1million.world\/wp-content\/uploads\/2024\/07\/Pray-Header-05-380x132.jpg 380w, https:\/\/www.france1million.world\/wp-content\/uploads\/2024\/07\/Pray-Header-05-768x266.jpg 768w, https:\/\/www.france1million.world\/wp-content\/uploads\/2024\/07\/Pray-Header-05-18x6.jpg 18w\" sizes=\"auto, (max-width: 1200px) 100vw, 1200px\" \/><\/figure>\n\n\n\n<h2 class=\"wp-block-heading\">5. Par\u00eds en 110 ciudades<\/h2>\n\n\n\n<p>Par\u00eds ha sido identificada por agencias misioneras como una de las 110 ciudades del mundo donde hay importantes grupos de pueblos no alcanzados que est\u00e1n maduros para el Evangelio.<\/p>\n\n\n\n<p>Estos grupos \u00e9tnicos ahora tienen acceso a la Biblia en su lengua materna, a la Pel\u00edcula de Jes\u00fas disponible, a caminatas de oraci\u00f3n y a plantadores de iglesias listos para compartir a Jes\u00fas con ellos. \u00a1S\u00f3lo necesitan una caldera de oraci\u00f3n que los cubra!<\/p>\n\n\n\n<p>Ore aqu\u00ed por los no alcanzados de Par\u00eds.<\/p>\n\n\n\n<figure class=\"wp-block-image size-full\"><img loading=\"lazy\" decoding=\"async\" width=\"1200\" height=\"416\" src=\"https:\/\/www.france1million.world\/wp-content\/uploads\/2024\/07\/Pray-Header-06.jpg\" alt=\"\" class=\"wp-image-494\" srcset=\"https:\/\/www.france1million.world\/wp-content\/uploads\/2024\/07\/Pray-Header-06.jpg 1200w, https:\/\/www.france1million.world\/wp-content\/uploads\/2024\/07\/Pray-Header-06-380x132.jpg 380w, https:\/\/www.france1million.world\/wp-content\/uploads\/2024\/07\/Pray-Header-06-768x266.jpg 768w, https:\/\/www.france1million.world\/wp-content\/uploads\/2024\/07\/Pray-Header-06-18x6.jpg 18w\" sizes=\"auto, (max-width: 1200px) 100vw, 1200px\" \/><\/figure>\n\n\n\n<h2 class=\"wp-block-heading\">6. Francia en la Operaci\u00f3n Mundo<\/h2>\n\n\n\n<p>Encuentre informaci\u00f3n detallada sobre Francia junto con mapas y sugerencias de oraci\u00f3n centrados en la misi\u00f3n en Operation World.<\/p>\n\n\n\n<figure class=\"wp-block-image size-full\"><img loading=\"lazy\" decoding=\"async\" width=\"1200\" height=\"416\" src=\"https:\/\/www.france1million.world\/wp-content\/uploads\/2024\/07\/Pray-Header-07.jpg\" alt=\"\" class=\"wp-image-493\" srcset=\"https:\/\/www.france1million.world\/wp-content\/uploads\/2024\/07\/Pray-Header-07.jpg 1200w, https:\/\/www.france1million.world\/wp-content\/uploads\/2024\/07\/Pray-Header-07-380x132.jpg 380w, https:\/\/www.france1million.world\/wp-content\/uploads\/2024\/07\/Pray-Header-07-768x266.jpg 768w, https:\/\/www.france1million.world\/wp-content\/uploads\/2024\/07\/Pray-Header-07-18x6.jpg 18w\" sizes=\"auto, (max-width: 1200px) 100vw, 1200px\" \/><\/figure>\n\n\n\n<h2 class=\"wp-block-heading\">7. S\u00edguenos en las redes sociales<\/h2>\n\n\n\n<p>El equipo de medios del IPC trabajar\u00e1 con Ensemble 2024 para producir boletines en video y publicaciones peri\u00f3dicas en los medios sobre los principales juegos y parajuegos.<\/p>\n\n\n\n<p>Los boletines en video incluir\u00e1n informaci\u00f3n actualizada, testimonios, oraciones contestadas, entrevistas y oraciones de Francia.<\/p>\n\n\n\n<p>\u00a1Recordar! \u00a1Cada clic para decir &quot;Or\u00e9&quot; se destina a la donaci\u00f3n de 1 mill\u00f3n de oraciones de la iglesia mundial para Francia!<\/p>","protected":false},"excerpt":{"rendered":"<p>Thank you for praying for France! Here are 7 exciting ways that you can connect with others and be informed as you pray\u2026 1. Love...<\/p>","protected":false},"author":1,"featured_media":276,"parent":0,"menu_order":0,"comment_status":"closed","ping_status":"closed","template":"","meta":{"_acf_changed":false,"_monsterinsights_skip_tracking":false,"_monsterinsights_sitenote_active":false,"_monsterinsights_sitenote_note":"","_monsterinsights_sitenote_category":0,"pgc_sgb_lightbox_settings":"","footnotes":""},"class_list":["post-478","page","type-page","status-publish","has-post-thumbnail","hentry"],"acf":[],"_links":{"self":[{"href":"https:\/\/www.france1million.world\/es\/wp-json\/wp\/v2\/pages\/478","targetHints":{"allow":["GET"]}}],"collection":[{"href":"https:\/\/www.france1million.world\/es\/wp-json\/wp\/v2\/pages"}],"about":[{"href":"https:\/\/www.france1million.world\/es\/wp-json\/wp\/v2\/types\/page"}],"author":[{"embeddable":true,"href":"https:\/\/www.france1million.world\/es\/wp-json\/wp\/v2\/users\/1"}],"replies":[{"embeddable":true,"href":"https:\/\/www.france1million.world\/es\/wp-json\/wp\/v2\/comments?post=478"}],"version-history":[{"count":7,"href":"https:\/\/www.france1million.world\/es\/wp-json\/wp\/v2\/pages\/478\/revisions"}],"predecessor-version":[{"id":1099,"href":"https:\/\/www.france1million.world\/es\/wp-json\/wp\/v2\/pages\/478\/revisions\/1099"}],"wp:featuredmedia":[{"embeddable":true,"href":"https:\/\/www.france1million.world\/es\/wp-json\/wp\/v2\/media\/276"}],"wp:attachment":[{"href":"https:\/\/www.france1million.world\/es\/wp-json\/wp\/v2\/media?parent=478"}],"curies":[{"name":"wp","href":"https:\/\/api.w.org\/{rel}","templated":true}]}}