{"id":365,"date":"2024-06-26T11:29:59","date_gmt":"2024-06-26T09:29:59","guid":{"rendered":"https:\/\/www.france1million.world\/?page_id=365"},"modified":"2024-07-27T12:45:42","modified_gmt":"2024-07-27T10:45:42","slug":"pray-for-5","status":"publish","type":"page","link":"https:\/\/www.france1million.world\/es\/pray-for-5\/","title":{"rendered":"Orar por 5"},"content":{"rendered":"<figure class=\"wp-block-image alignwide size-full\"><img loading=\"lazy\" decoding=\"async\" width=\"1200\" height=\"584\" src=\"https:\/\/www.france1million.world\/wp-content\/uploads\/2024\/06\/BLESS_Card_v1.jpg\" alt=\"\" class=\"wp-image-367\" srcset=\"https:\/\/www.france1million.world\/wp-content\/uploads\/2024\/06\/BLESS_Card_v1.jpg 1200w, https:\/\/www.france1million.world\/wp-content\/uploads\/2024\/06\/BLESS_Card_v1-380x185.jpg 380w, https:\/\/www.france1million.world\/wp-content\/uploads\/2024\/06\/BLESS_Card_v1-768x374.jpg 768w, https:\/\/www.france1million.world\/wp-content\/uploads\/2024\/06\/BLESS_Card_v1-18x9.jpg 18w\" sizes=\"auto, (max-width: 1200px) 100vw, 1200px\" \/><\/figure>\n\n\n\n<h2 class=\"wp-block-heading\">Orar por 5<\/h2>\n\n\n\n<h3 class=\"wp-block-heading\">T\u00f3mate 5 minutos al d\u00eda para orar por 5 personas por nombre que necesitan a Jes\u00fas<\/h3>\n\n\n\n<h2 class=\"wp-block-heading\">Maneras de orar<\/h2>\n\n\n\n<ul class=\"wp-block-list\">\n<li>Padre, atr\u00e1elos a tu Hijo Jes\u00fas (Juan 6:44).<\/li>\n\n\n\n<li>Padre, quita su ceguera espiritual para que crean en el Evangelio (2 Cor. 4:4; Hechos 16:14).<\/li>\n\n\n\n<li>Padre, dales el don del arrepentimiento para que se alejen de sus pecados (Juan 16:8; 2 Tim. 2:25-26).<\/li>\n\n\n\n<li>Padre, dame oportunidades y valent\u00eda para compartir el Evangelio con ellos (Col. 4:3-4; Hech. 4:29-31).<\/li>\n\n\n\n<li>Padre, por favor s\u00e1lvalos a ellos y a toda su familia (Hechos 16:31)<\/li>\n<\/ul>\n\n\n\n<p>COMPARTE A JES\u00daS CON ELLOS VIVIENDO<\/p>\n\n\n\n<h2 class=\"wp-block-heading\">El estilo de vida BENDICI\u00d3N<\/h2>\n\n\n\n<p>Comience con la oraci\u00f3n | Esc\u00fachalos | Come con ellos | S\u00edrvelos | Comparte a Jes\u00fas con ellos<\/p>\n\n\n\n<h3 class=\"wp-block-heading\">Tarjeta BLESS gratis<\/h3>\n\n\n\n<p>Descargue e imprima gratis&nbsp;<strong>Tarjeta BENDICI\u00d3N<\/strong>, escribe los nombres de tus 5 personas y gu\u00e1rdalo como recordatorio para&nbsp;<strong>Orar por 5<\/strong>&nbsp;\u00a1cada d\u00eda!<\/p>\n\n\n\n<div class=\"wp-block-buttons is-layout-flex wp-block-buttons-is-layout-flex\">\n<div class=\"wp-block-button\"><a class=\"wp-block-button__link wp-element-button\" href=\"https:\/\/www.france1million.world\/wp-content\/uploads\/2024\/07\/Bless-Card.pdf\" target=\"_blank\" rel=\"noreferrer noopener\">DESCARGAR TARJETA BENDICI\u00d3N<\/a><\/div>\n\n\n\n<div class=\"wp-block-button\"><a class=\"wp-block-button__link wp-element-button\" href=\"https:\/\/www.france1million.world\/es\/prayer-guide\/\">GU\u00cdA DE ORACI\u00d3N<\/a><\/div>\n<\/div>","protected":false},"excerpt":{"rendered":"<p>Pray for 5 Take 5 minutes a day to Pray for 5 people by name who need Jesus Ways to Pray SHARE JESUS WITH THEM...<\/p>","protected":false},"author":1,"featured_media":264,"parent":0,"menu_order":0,"comment_status":"closed","ping_status":"closed","template":"","meta":{"_acf_changed":false,"_monsterinsights_skip_tracking":false,"_monsterinsights_sitenote_active":false,"_monsterinsights_sitenote_note":"","_monsterinsights_sitenote_category":0,"pgc_sgb_lightbox_settings":"","footnotes":""},"class_list":["post-365","page","type-page","status-publish","has-post-thumbnail","hentry"],"acf":[],"_links":{"self":[{"href":"https:\/\/www.france1million.world\/es\/wp-json\/wp\/v2\/pages\/365","targetHints":{"allow":["GET"]}}],"collection":[{"href":"https:\/\/www.france1million.world\/es\/wp-json\/wp\/v2\/pages"}],"about":[{"href":"https:\/\/www.france1million.world\/es\/wp-json\/wp\/v2\/types\/page"}],"author":[{"embeddable":true,"href":"https:\/\/www.france1million.world\/es\/wp-json\/wp\/v2\/users\/1"}],"replies":[{"embeddable":true,"href":"https:\/\/www.france1million.world\/es\/wp-json\/wp\/v2\/comments?post=365"}],"version-history":[{"count":4,"href":"https:\/\/www.france1million.world\/es\/wp-json\/wp\/v2\/pages\/365\/revisions"}],"predecessor-version":[{"id":1089,"href":"https:\/\/www.france1million.world\/es\/wp-json\/wp\/v2\/pages\/365\/revisions\/1089"}],"wp:featuredmedia":[{"embeddable":true,"href":"https:\/\/www.france1million.world\/es\/wp-json\/wp\/v2\/media\/264"}],"wp:attachment":[{"href":"https:\/\/www.france1million.world\/es\/wp-json\/wp\/v2\/media?parent=365"}],"curies":[{"name":"wp","href":"https:\/\/api.w.org\/{rel}","templated":true}]}}