{"id":502,"date":"2024-07-05T10:05:38","date_gmt":"2024-07-05T08:05:38","guid":{"rendered":"https:\/\/www.france1million.world\/?page_id=502"},"modified":"2024-07-05T10:10:38","modified_gmt":"2024-07-05T08:10:38","slug":"short-prayer","status":"publish","type":"page","link":"https:\/\/www.france1million.world\/de\/short-prayer\/","title":{"rendered":"Kurzes Gebet"},"content":{"rendered":"<h2 class=\"wp-block-heading has-text-align-left\">Gemeinsam beten - Ein Gebet f\u00fcr die Spiele von Paris<\/h2>\n\n\n\n<p>Anl\u00e4sslich der Olympischen Spiele in Paris wurde dieses Gebet vom Rat der christlichen Kirchen in Frankreich (CECEF) vorgeschlagen, mit dem Wunsch, dass es sich jeder zu eigen machen kann.<\/p>\n\n\n\n<p>Vater, Quelle wahrer Freude, in Deinem Sohn Jesus Christus hast Du alle V\u00f6lker dazu aufgerufen, eine<br>Menschen des Lobes, die dich feiern. Lass uns das Rennen bis zum Ende f\u00fchren.<\/p>\n\n\n\n<p>Gott, der du bist, schau jetzt auf Frankreich, das die Olympischen und Paralympischen Spiele ausrichten wird.<br>Spiele. Gib ihnen die Kraft, dieses Ereignis in Freude, Frieden und Br\u00fcderlichkeit zu organisieren.<\/p>\n\n\n\n<p>Gie\u00dfe Deinen Heiligen Geist aus \u00fcber alle, die an der Verwirklichung der Spiele arbeiten, \u00fcber alle<br>auf die Menschen, die aus allen Teilen der Welt kommen, und auf die Athleten.<\/p>\n\n\n\n<p>Gib ihnen die Tugend, die n\u00f6tig ist, um ihr Bestes zu geben. M\u00f6gen Sportler in Zeiten der Freude und der Pr\u00fcfung, des Erfolgs und des Scheiterns die Unterst\u00fctzung ihrer Angeh\u00f6rigen, ihrer Trainer und unserer Gebete erhalten.<\/p>\n\n\n\n<p>Hilf dem franz\u00f6sischen Volk, Herr, dabei, all jene willkommen zu hei\u00dfen, die aus aller Welt gekommen sind.<\/p>\n\n\n\n<p>Zusammengef\u00fchrt in der gemeinsamen Leidenschaft f\u00fcr den Sport unter dem Motto der Olympischen Spiele<br>\u201eschneller, h\u00f6her, st\u00e4rker \u2013 gemeinsam\u201c, lass sie gemeinsam deine Liebe zu jedem Menschen vermitteln.<\/p>\n\n\n\n<p>Im Namen Jesu beten wir,<br>Amen<\/p>","protected":false},"excerpt":{"rendered":"<p>Praying Together - A Prayer for the Games of Paris On the occasion of the Paris Games, this prayer was proposed by the Council of...<\/p>","protected":false},"author":1,"featured_media":504,"parent":0,"menu_order":0,"comment_status":"closed","ping_status":"closed","template":"","meta":{"_acf_changed":false,"_monsterinsights_skip_tracking":false,"_monsterinsights_sitenote_active":false,"_monsterinsights_sitenote_note":"","_monsterinsights_sitenote_category":0,"pgc_sgb_lightbox_settings":"","footnotes":""},"class_list":["post-502","page","type-page","status-publish","has-post-thumbnail","hentry"],"acf":[],"_links":{"self":[{"href":"https:\/\/www.france1million.world\/de\/wp-json\/wp\/v2\/pages\/502","targetHints":{"allow":["GET"]}}],"collection":[{"href":"https:\/\/www.france1million.world\/de\/wp-json\/wp\/v2\/pages"}],"about":[{"href":"https:\/\/www.france1million.world\/de\/wp-json\/wp\/v2\/types\/page"}],"author":[{"embeddable":true,"href":"https:\/\/www.france1million.world\/de\/wp-json\/wp\/v2\/users\/1"}],"replies":[{"embeddable":true,"href":"https:\/\/www.france1million.world\/de\/wp-json\/wp\/v2\/comments?post=502"}],"version-history":[{"count":3,"href":"https:\/\/www.france1million.world\/de\/wp-json\/wp\/v2\/pages\/502\/revisions"}],"predecessor-version":[{"id":506,"href":"https:\/\/www.france1million.world\/de\/wp-json\/wp\/v2\/pages\/502\/revisions\/506"}],"wp:featuredmedia":[{"embeddable":true,"href":"https:\/\/www.france1million.world\/de\/wp-json\/wp\/v2\/media\/504"}],"wp:attachment":[{"href":"https:\/\/www.france1million.world\/de\/wp-json\/wp\/v2\/media?parent=502"}],"curies":[{"name":"wp","href":"https:\/\/api.w.org\/{rel}","templated":true}]}}