{"id":478,"date":"2024-07-05T09:27:45","date_gmt":"2024-07-05T07:27:45","guid":{"rendered":"https:\/\/www.france1million.world\/?page_id=478"},"modified":"2024-07-27T13:08:35","modified_gmt":"2024-07-27T11:08:35","slug":"pray","status":"publish","type":"page","link":"https:\/\/www.france1million.world\/de\/pray\/","title":{"rendered":"Beten"},"content":{"rendered":"<h3 class=\"wp-block-heading has-text-align-center\">Danke, dass Sie f\u00fcr Frankreich beten!<\/h3>\n\n\n\n<p class=\"has-text-align-center\"><strong>Hier sind 7 spannende M\u00f6glichkeiten, wie Sie beim Beten mit anderen in Kontakt treten und informiert bleiben k\u00f6nnen \u2026<\/strong><\/p>\n\n\n\n<figure class=\"wp-block-image size-full\"><img loading=\"lazy\" decoding=\"async\" width=\"1200\" height=\"416\" src=\"https:\/\/www.france1million.world\/wp-content\/uploads\/2024\/07\/Pray-Header-01.jpg\" alt=\"\" class=\"wp-image-492\" srcset=\"https:\/\/www.france1million.world\/wp-content\/uploads\/2024\/07\/Pray-Header-01.jpg 1200w, https:\/\/www.france1million.world\/wp-content\/uploads\/2024\/07\/Pray-Header-01-380x132.jpg 380w, https:\/\/www.france1million.world\/wp-content\/uploads\/2024\/07\/Pray-Header-01-768x266.jpg 768w, https:\/\/www.france1million.world\/wp-content\/uploads\/2024\/07\/Pray-Header-01-18x6.jpg 18w\" sizes=\"auto, (max-width: 1200px) 100vw, 1200px\" \/><\/figure>\n\n\n\n<h2 class=\"wp-block-heading\">1. Liebe Frankreich \u2013 50 Tage Gebetsanleitung<\/h2>\n\n\n\n<p>50 Tage lang, beginnend am Montag, dem 22. Juli, bis Montag, dem 9. Juli, ver\u00f6ffentlichen wir auf www.france1million.world einen t\u00e4glichen Gebetsf\u00fchrer in 33 Sprachen.<\/p>\n\n\n\n<p>Der Leitfaden, der von unseren Freunden bei Impact France geschrieben wurde, bietet t\u00e4glich ein Thema und einen Bibeltext und konzentriert sich auf Frankreich und die Spiele mit Gebetshinweisen zu jedem Thema.<\/p>\n\n\n\n<figure class=\"wp-block-image size-full\"><img loading=\"lazy\" decoding=\"async\" width=\"1200\" height=\"416\" src=\"https:\/\/www.france1million.world\/wp-content\/uploads\/2024\/07\/Pray-Header-02.jpg\" alt=\"\" class=\"wp-image-491\" srcset=\"https:\/\/www.france1million.world\/wp-content\/uploads\/2024\/07\/Pray-Header-02.jpg 1200w, https:\/\/www.france1million.world\/wp-content\/uploads\/2024\/07\/Pray-Header-02-380x132.jpg 380w, https:\/\/www.france1million.world\/wp-content\/uploads\/2024\/07\/Pray-Header-02-768x266.jpg 768w, https:\/\/www.france1million.world\/wp-content\/uploads\/2024\/07\/Pray-Header-02-18x6.jpg 18w\" sizes=\"auto, (max-width: 1200px) 100vw, 1200px\" \/><\/figure>\n\n\n\n<h2 class=\"wp-block-heading\">2. Interseed HOP<\/h2>\n\n\n\n<p>Besuchen Sie uns \u00fcber die Online-App Interseed HOP, wo wir zu den Themen des t\u00e4glichen Gebetsleitfadens beten und Gedanken austauschen.<\/p>\n\n\n\n<p>Die Gebetsh\u00e4user in Paris organisieren w\u00e4hrend der Spiele rund um die Uhr Gebete und geben jeden Tag zus\u00e4tzliche Worte, Bibelstellen und Bilder weiter, die sie \u00fcber die Interseed-App erhalten.<\/p>\n\n\n\n<p>Interseed ist auf den Plattformen Android und iOS verf\u00fcgbar.<\/p>\n\n\n\n<figure class=\"wp-block-image size-full\"><img loading=\"lazy\" decoding=\"async\" width=\"1200\" height=\"416\" src=\"https:\/\/www.france1million.world\/wp-content\/uploads\/2024\/07\/Pray-Header-03.jpg\" alt=\"\" class=\"wp-image-497\" srcset=\"https:\/\/www.france1million.world\/wp-content\/uploads\/2024\/07\/Pray-Header-03.jpg 1200w, https:\/\/www.france1million.world\/wp-content\/uploads\/2024\/07\/Pray-Header-03-380x132.jpg 380w, https:\/\/www.france1million.world\/wp-content\/uploads\/2024\/07\/Pray-Header-03-768x266.jpg 768w, https:\/\/www.france1million.world\/wp-content\/uploads\/2024\/07\/Pray-Header-03-18x6.jpg 18w\" sizes=\"auto, (max-width: 1200px) 100vw, 1200px\" \/><\/figure>\n\n\n\n<h2 class=\"wp-block-heading\">3. Gebetsraum der Global Family rund um die Uhr<\/h2>\n\n\n\n<p>Der Global Family 24-7 Prayer Room ist eine kontinuierliche Online-Gebetsversammlung unter der Schirmherrschaft des IPC, bei der seit fast vier Jahren rund um den Thron, rund um die Welt und rund um die Uhr gebetet wird!<\/p>\n\n\n\n<p>168 Moderatoren leiten st\u00fcndliche Sitzungen w\u00e4hrend der Woche in 14 verschiedenen Sprachen<\/p>\n\n\n\n<p>Jede Stunde wird Zeit f\u00fcr das Gebet f\u00fcr Frankreich und die Spiele aufgewendet. Registrieren Sie sich kostenlos auf dieser <strong><a href=\"https:\/\/mailchi.mp\/globalfamily24-7prayer\/register\" target=\"_blank\" rel=\"noreferrer noopener\">Verkn\u00fcpfung<\/a><\/strong>.<\/p>\n\n\n\n<figure class=\"wp-block-image size-full\"><img loading=\"lazy\" decoding=\"async\" width=\"1200\" height=\"416\" src=\"https:\/\/www.france1million.world\/wp-content\/uploads\/2024\/07\/Pray-Header-04.jpg\" alt=\"\" class=\"wp-image-496\" srcset=\"https:\/\/www.france1million.world\/wp-content\/uploads\/2024\/07\/Pray-Header-04.jpg 1200w, https:\/\/www.france1million.world\/wp-content\/uploads\/2024\/07\/Pray-Header-04-380x132.jpg 380w, https:\/\/www.france1million.world\/wp-content\/uploads\/2024\/07\/Pray-Header-04-768x266.jpg 768w, https:\/\/www.france1million.world\/wp-content\/uploads\/2024\/07\/Pray-Header-04-18x6.jpg 18w\" sizes=\"auto, (max-width: 1200px) 100vw, 1200px\" \/><\/figure>\n\n\n\n<h2 class=\"wp-block-heading\">4. Virtueller Gebetsspaziergang durch Paris<\/h2>\n\n\n\n<p>Nehmen Sie an einem virtuellen Gebetsspaziergang um das Regina von Paris teil! IPC hat in Zusammenarbeit mit unseren Freunden von Pray for Paris einen Online-Gebetsspaziergang mit Google Street View-Links f\u00fcr jeden Wegpunkt erstellt.<\/p>\n\n\n\n<p>Klicken Sie hier f\u00fcr den Gebetsspaziergang!<\/p>\n\n\n\n<figure class=\"wp-block-image size-full\"><img loading=\"lazy\" decoding=\"async\" width=\"1200\" height=\"416\" src=\"https:\/\/www.france1million.world\/wp-content\/uploads\/2024\/07\/Pray-Header-05.jpg\" alt=\"\" class=\"wp-image-495\" srcset=\"https:\/\/www.france1million.world\/wp-content\/uploads\/2024\/07\/Pray-Header-05.jpg 1200w, https:\/\/www.france1million.world\/wp-content\/uploads\/2024\/07\/Pray-Header-05-380x132.jpg 380w, https:\/\/www.france1million.world\/wp-content\/uploads\/2024\/07\/Pray-Header-05-768x266.jpg 768w, https:\/\/www.france1million.world\/wp-content\/uploads\/2024\/07\/Pray-Header-05-18x6.jpg 18w\" sizes=\"auto, (max-width: 1200px) 100vw, 1200px\" \/><\/figure>\n\n\n\n<h2 class=\"wp-block-heading\">5. Paris auf 110 St\u00e4dten<\/h2>\n\n\n\n<p>Paris wurde von Missionsorganisationen als eine von 110 St\u00e4dten weltweit identifiziert, in denen bedeutende, bislang unerreichte Bev\u00f6lkerungsgruppen leben, die reif f\u00fcr das Evangelium sind.<\/p>\n\n\n\n<p>Diese Menschengruppen haben jetzt Zugang zur Bibel in ihrer Muttersprache, zum Jesus-Film, es finden Gebetswanderungen statt und Gemeindegr\u00fcnder sind bereit, Jesus mit ihnen zu teilen. Sie brauchen nur noch ein Kesselhaus voller Gebete, um sie abzudecken!<\/p>\n\n\n\n<p>Beten Sie hier f\u00fcr die unerreichten Menschen von Paris<\/p>\n\n\n\n<figure class=\"wp-block-image size-full\"><img loading=\"lazy\" decoding=\"async\" width=\"1200\" height=\"416\" src=\"https:\/\/www.france1million.world\/wp-content\/uploads\/2024\/07\/Pray-Header-06.jpg\" alt=\"\" class=\"wp-image-494\" srcset=\"https:\/\/www.france1million.world\/wp-content\/uploads\/2024\/07\/Pray-Header-06.jpg 1200w, https:\/\/www.france1million.world\/wp-content\/uploads\/2024\/07\/Pray-Header-06-380x132.jpg 380w, https:\/\/www.france1million.world\/wp-content\/uploads\/2024\/07\/Pray-Header-06-768x266.jpg 768w, https:\/\/www.france1million.world\/wp-content\/uploads\/2024\/07\/Pray-Header-06-18x6.jpg 18w\" sizes=\"auto, (max-width: 1200px) 100vw, 1200px\" \/><\/figure>\n\n\n\n<h2 class=\"wp-block-heading\">6. Frankreich bei Operation World<\/h2>\n\n\n\n<p>Finden Sie detaillierte Informationen zu Frankreich sowie missionsbezogene Gebetshinweise und Karten auf Operation World.<\/p>\n\n\n\n<figure class=\"wp-block-image size-full\"><img loading=\"lazy\" decoding=\"async\" width=\"1200\" height=\"416\" src=\"https:\/\/www.france1million.world\/wp-content\/uploads\/2024\/07\/Pray-Header-07.jpg\" alt=\"\" class=\"wp-image-493\" srcset=\"https:\/\/www.france1million.world\/wp-content\/uploads\/2024\/07\/Pray-Header-07.jpg 1200w, https:\/\/www.france1million.world\/wp-content\/uploads\/2024\/07\/Pray-Header-07-380x132.jpg 380w, https:\/\/www.france1million.world\/wp-content\/uploads\/2024\/07\/Pray-Header-07-768x266.jpg 768w, https:\/\/www.france1million.world\/wp-content\/uploads\/2024\/07\/Pray-Header-07-18x6.jpg 18w\" sizes=\"auto, (max-width: 1200px) 100vw, 1200px\" \/><\/figure>\n\n\n\n<h2 class=\"wp-block-heading\">7. Folgen Sie uns in den sozialen Medien<\/h2>\n\n\n\n<p>Das Medienteam des IPC wird mit Ensemble 2024 zusammenarbeiten, um regelm\u00e4\u00dfige Videobulletins und Medienbeitr\u00e4ge zu den Hauptspielen und Para-Games zu produzieren.<\/p>\n\n\n\n<p>Die Videobulletins enthalten aktuelle Informationen, Zeugnisse, erh\u00f6rte Gebete, Interviews und Gebete aus Frankreich.<\/p>\n\n\n\n<p>Denken Sie daran! Jeder Klick, um zu sagen \u201eIch habe gebetet\u201c, tr\u00e4gt zum Geschenk von 1 Million Gebeten der weltweiten Kirche f\u00fcr Frankreich bei!<\/p>","protected":false},"excerpt":{"rendered":"<p>Thank you for praying for France! Here are 7 exciting ways that you can connect with others and be informed as you pray\u2026 1. Love...<\/p>","protected":false},"author":1,"featured_media":276,"parent":0,"menu_order":0,"comment_status":"closed","ping_status":"closed","template":"","meta":{"_acf_changed":false,"_monsterinsights_skip_tracking":false,"_monsterinsights_sitenote_active":false,"_monsterinsights_sitenote_note":"","_monsterinsights_sitenote_category":0,"pgc_sgb_lightbox_settings":"","footnotes":""},"class_list":["post-478","page","type-page","status-publish","has-post-thumbnail","hentry"],"acf":[],"_links":{"self":[{"href":"https:\/\/www.france1million.world\/de\/wp-json\/wp\/v2\/pages\/478","targetHints":{"allow":["GET"]}}],"collection":[{"href":"https:\/\/www.france1million.world\/de\/wp-json\/wp\/v2\/pages"}],"about":[{"href":"https:\/\/www.france1million.world\/de\/wp-json\/wp\/v2\/types\/page"}],"author":[{"embeddable":true,"href":"https:\/\/www.france1million.world\/de\/wp-json\/wp\/v2\/users\/1"}],"replies":[{"embeddable":true,"href":"https:\/\/www.france1million.world\/de\/wp-json\/wp\/v2\/comments?post=478"}],"version-history":[{"count":7,"href":"https:\/\/www.france1million.world\/de\/wp-json\/wp\/v2\/pages\/478\/revisions"}],"predecessor-version":[{"id":1099,"href":"https:\/\/www.france1million.world\/de\/wp-json\/wp\/v2\/pages\/478\/revisions\/1099"}],"wp:featuredmedia":[{"embeddable":true,"href":"https:\/\/www.france1million.world\/de\/wp-json\/wp\/v2\/media\/276"}],"wp:attachment":[{"href":"https:\/\/www.france1million.world\/de\/wp-json\/wp\/v2\/media?parent=478"}],"curies":[{"name":"wp","href":"https:\/\/api.w.org\/{rel}","templated":true}]}}