{"id":365,"date":"2024-06-26T11:29:59","date_gmt":"2024-06-26T09:29:59","guid":{"rendered":"https:\/\/www.france1million.world\/?page_id=365"},"modified":"2024-07-27T12:45:42","modified_gmt":"2024-07-27T10:45:42","slug":"pray-for-5","status":"publish","type":"page","link":"https:\/\/www.france1million.world\/de\/pray-for-5\/","title":{"rendered":"Bete f\u00fcr 5"},"content":{"rendered":"<figure class=\"wp-block-image alignwide size-full\"><img loading=\"lazy\" decoding=\"async\" width=\"1200\" height=\"584\" src=\"https:\/\/www.france1million.world\/wp-content\/uploads\/2024\/06\/BLESS_Card_v1.jpg\" alt=\"\" class=\"wp-image-367\" srcset=\"https:\/\/www.france1million.world\/wp-content\/uploads\/2024\/06\/BLESS_Card_v1.jpg 1200w, https:\/\/www.france1million.world\/wp-content\/uploads\/2024\/06\/BLESS_Card_v1-380x185.jpg 380w, https:\/\/www.france1million.world\/wp-content\/uploads\/2024\/06\/BLESS_Card_v1-768x374.jpg 768w, https:\/\/www.france1million.world\/wp-content\/uploads\/2024\/06\/BLESS_Card_v1-18x9.jpg 18w\" sizes=\"auto, (max-width: 1200px) 100vw, 1200px\" \/><\/figure>\n\n\n\n<h2 class=\"wp-block-heading\">Bete f\u00fcr 5<\/h2>\n\n\n\n<h3 class=\"wp-block-heading\">Nehmen Sie sich 5 Minuten am Tag Zeit, um f\u00fcr 5 Menschen zu beten, die Jesus brauchen<\/h3>\n\n\n\n<h2 class=\"wp-block-heading\">M\u00f6glichkeiten zum Beten<\/h2>\n\n\n\n<ul class=\"wp-block-list\">\n<li>Vater, f\u00fchre sie zu deinem Sohn Jesus (Johannes 6,44).<\/li>\n\n\n\n<li>Vater, befreie sie von ihrer geistigen Blindheit, damit sie an das Evangelium glauben (2. Kor. 4:4; Apg. 16:14).<\/li>\n\n\n\n<li>Vater, gib ihnen die Gabe der Bu\u00dfe, damit sie sich von ihren S\u00fcnden abwenden k\u00f6nnen (Johannes 16:8; 2 Tim. 2:25-26).<\/li>\n\n\n\n<li>Vater, gib mir Gelegenheiten und den Mut, ihnen das Evangelium zu verk\u00fcnden (Kol. 4:3-4; Apg. 4:29-31).<\/li>\n\n\n\n<li>Vater, bitte rette sie und ihre ganze Familie (Apostelgeschichte 16:31)<\/li>\n<\/ul>\n\n\n\n<p>TEILEN SIE JESUS MIT IHNEN, INDEM SIE<\/p>\n\n\n\n<h2 class=\"wp-block-heading\">Der BLESS-Lebensstil<\/h2>\n\n\n\n<p>Beginnen Sie mit einem Gebet | H\u00f6ren Sie ihnen zu | Essen Sie mit ihnen | Dienen Sie ihnen | Teilen Sie Jesus mit ihnen<\/p>\n\n\n\n<h3 class=\"wp-block-heading\">Kostenlose BLESS-Karte<\/h3>\n\n\n\n<p>Laden Sie die kostenlose&nbsp;<strong>BLESS-Karte<\/strong>, schreibe die Namen deiner 5 Leute auf und behalte es als Erinnerung an&nbsp;<strong>Bete f\u00fcr 5<\/strong>&nbsp;jeden Tag!<\/p>\n\n\n\n<div class=\"wp-block-buttons is-layout-flex wp-block-buttons-is-layout-flex\">\n<div class=\"wp-block-button\"><a class=\"wp-block-button__link wp-element-button\" href=\"https:\/\/www.france1million.world\/wp-content\/uploads\/2024\/07\/Bless-Card.pdf\" target=\"_blank\" rel=\"noreferrer noopener\">BLESS-KARTE HERUNTERLADEN<\/a><\/div>\n\n\n\n<div class=\"wp-block-button\"><a class=\"wp-block-button__link wp-element-button\" href=\"https:\/\/www.france1million.world\/de\/prayer-guide\/\">GEBETSANLEITUNG<\/a><\/div>\n<\/div>","protected":false},"excerpt":{"rendered":"<p>Pray for 5 Take 5 minutes a day to Pray for 5 people by name who need Jesus Ways to Pray SHARE JESUS WITH THEM...<\/p>","protected":false},"author":1,"featured_media":264,"parent":0,"menu_order":0,"comment_status":"closed","ping_status":"closed","template":"","meta":{"_acf_changed":false,"_monsterinsights_skip_tracking":false,"_monsterinsights_sitenote_active":false,"_monsterinsights_sitenote_note":"","_monsterinsights_sitenote_category":0,"pgc_sgb_lightbox_settings":"","footnotes":""},"class_list":["post-365","page","type-page","status-publish","has-post-thumbnail","hentry"],"acf":[],"_links":{"self":[{"href":"https:\/\/www.france1million.world\/de\/wp-json\/wp\/v2\/pages\/365","targetHints":{"allow":["GET"]}}],"collection":[{"href":"https:\/\/www.france1million.world\/de\/wp-json\/wp\/v2\/pages"}],"about":[{"href":"https:\/\/www.france1million.world\/de\/wp-json\/wp\/v2\/types\/page"}],"author":[{"embeddable":true,"href":"https:\/\/www.france1million.world\/de\/wp-json\/wp\/v2\/users\/1"}],"replies":[{"embeddable":true,"href":"https:\/\/www.france1million.world\/de\/wp-json\/wp\/v2\/comments?post=365"}],"version-history":[{"count":4,"href":"https:\/\/www.france1million.world\/de\/wp-json\/wp\/v2\/pages\/365\/revisions"}],"predecessor-version":[{"id":1089,"href":"https:\/\/www.france1million.world\/de\/wp-json\/wp\/v2\/pages\/365\/revisions\/1089"}],"wp:featuredmedia":[{"embeddable":true,"href":"https:\/\/www.france1million.world\/de\/wp-json\/wp\/v2\/media\/264"}],"wp:attachment":[{"href":"https:\/\/www.france1million.world\/de\/wp-json\/wp\/v2\/media?parent=365"}],"curies":[{"name":"wp","href":"https:\/\/api.w.org\/{rel}","templated":true}]}}